{"id":599044,"date":"2025-08-08T08:25:15","date_gmt":"2025-08-08T06:25:15","guid":{"rendered":"https:\/\/lucacastelli.com\/prodotto\/milwaukee-casque-bolt-200-jaune-fluo\/"},"modified":"2025-08-08T08:25:15","modified_gmt":"2025-08-08T06:25:15","slug":"milwaukee-casque-bolt-200-jaune-fluo","status":"publish","type":"product","link":"https:\/\/lucacastelli.com\/fr\/produit\/milwaukee-casque-bolt-200-jaune-fluo\/","title":{"rendered":"Milwaukee Casque BOLT\u2122 200 &#8211; Jaune fluo"},"content":{"rendered":"<p>BOLT 200 ELMET YELLOW HV &#8211; 1 pc<br \/>\nCoque Lexan &#8211; mat\u00e9riau ultra r\u00e9sistant aux chocs;Le syst\u00e8me BOLT\u2122 &#8211; assure la compatibilit\u00e9 entre tous les accessoires disponibles, avec un syst\u00e8me de fixation facile et intuitif. Large polyvalence;Syst\u00e8me de r\u00e9glage de la taille \u00e0 cliquet extr\u00eamement confortable;Suspension en mousse qui offre une protection contre les chocs, quel que soit l&#8217;endroit o\u00f9 ils se produisent;Suspension interne en mousse compl\u00e9t\u00e9e par un rev\u00eatement de couronne pour plus de confort;Bandeau de transpiration premium respirant, lavable et rempla\u00e7able;Rev\u00eatement de couronne premium respirant, lavable et rempla\u00e7able;Fourni avec une mentonni\u00e8re certifi\u00e9e EN 12492 (identifi\u00e9e par la couleur rouge);Certifi\u00e9 selon la norme EN 12492;R\u00e9glage de la taille : 52 &#8211; \u00e0 68 cm. <\/p>\n<p>&nbsp;<\/p>\n","protected":false},"excerpt":{"rendered":"<p>BOLT 200 ELMET YELLOW HV &#8211; 1 pc Coque Lexan &#8211; mat\u00e9riau ultra r\u00e9sistant aux chocs;Le syst\u00e8me BOLT\u2122 &#8211; assure<\/p>\n","protected":false},"featured_media":553255,"template":"","meta":{"_seopress_robots_primary_cat":"none","_seopress_titles_title":"","_seopress_titles_desc":"","_seopress_robots_index":""},"product_brand":[3658],"product_cat":[144,1397,1405],"product_tag":[3273],"class_list":{"0":"post-599044","1":"product","2":"type-product","3":"status-publish","4":"has-post-thumbnail","6":"product_brand-milwaukee-fr","7":"product_cat-equipement","8":"product_cat-equipement-de-travail","9":"product_cat-casques","10":"product_tag-import-milwau-fr","11":"sws-gruppo-attrezz-fr","12":"sws-conto-ricavi-merci-rivendita-abbigliamento-fr","13":"sws-gruppo-iva-iva81-fr","15":"first","16":"instock","17":"sale","18":"shipping-taxable","19":"purchasable","20":"product-type-variable","21":"has-default-attributes"},"_links":{"self":[{"href":"https:\/\/lucacastelli.com\/fr\/wp-json\/wp\/v2\/product\/599044","targetHints":{"allow":["GET"]}}],"collection":[{"href":"https:\/\/lucacastelli.com\/fr\/wp-json\/wp\/v2\/product"}],"about":[{"href":"https:\/\/lucacastelli.com\/fr\/wp-json\/wp\/v2\/types\/product"}],"wp:featuredmedia":[{"embeddable":true,"href":"https:\/\/lucacastelli.com\/fr\/wp-json\/wp\/v2\/media\/553255"}],"wp:attachment":[{"href":"https:\/\/lucacastelli.com\/fr\/wp-json\/wp\/v2\/media?parent=599044"}],"wp:term":[{"taxonomy":"product_brand","embeddable":true,"href":"https:\/\/lucacastelli.com\/fr\/wp-json\/wp\/v2\/product_brand?post=599044"},{"taxonomy":"product_cat","embeddable":true,"href":"https:\/\/lucacastelli.com\/fr\/wp-json\/wp\/v2\/product_cat?post=599044"},{"taxonomy":"product_tag","embeddable":true,"href":"https:\/\/lucacastelli.com\/fr\/wp-json\/wp\/v2\/product_tag?post=599044"}],"curies":[{"name":"wp","href":"https:\/\/api.w.org\/{rel}","templated":true}]}}