{"id":598956,"date":"2022-06-10T04:59:42","date_gmt":"2022-06-10T02:59:42","guid":{"rendered":"https:\/\/lucacastelli.com\/prodotto\/pfanner-maximus-tuyau-dexterieur\/"},"modified":"2025-08-07T23:18:35","modified_gmt":"2025-08-07T21:18:35","slug":"pfanner-maximus-tuyau-dexterieur","status":"publish","type":"product","link":"https:\/\/lucacastelli.com\/fr\/produit\/pfanner-maximus-tuyau-dexterieur\/","title":{"rendered":"PFANNER Maximus Pantalon outdoor"},"content":{"rendered":"<p>Maximus<br \/>\npantalon outdoor Aussi fonctionnel et robuste que le &#8220;grand&#8221;. Les bretelles sont \u00e9galement incluses &#8211; rien ne s&#8217;oppose \u00e0 une utilisation extr\u00eame pendant le jeu, la randonn\u00e9e ou l&#8217;escalade !   <\/p>\n<p>&#8211; Tissu robuste et extensible<br \/>\n &#8211; Kevlar<br \/>\n Renforts pour les genoux &#8211; avec bretelles<br \/>\n&#8211; Facile \u00e0 nettoyer<br \/>\n&#8211; protection dorsale avec sangles r\u00e9glables   <\/p>\n<p>89% polyamide, 11% spandex<\/p>\n","protected":false},"excerpt":{"rendered":"<p>Maximus pantalon outdoor Aussi fonctionnel et robuste que le &#8220;grand&#8221;. Les bretelles sont \u00e9galement incluses &#8211; rien ne s&#8217;oppose \u00e0<\/p>\n","protected":false},"featured_media":64050,"template":"","meta":{"_seopress_robots_primary_cat":"","_seopress_titles_title":"","_seopress_titles_desc":"","_seopress_robots_index":""},"product_brand":[3669],"product_cat":[81,981,1384],"product_tag":[],"class_list":{"0":"post-598956","1":"product","2":"type-product","3":"status-publish","4":"has-post-thumbnail","6":"product_brand-pfanner-fr","7":"product_cat-vetements","8":"product_cat-vetements-de-loisirs","9":"product_cat-vetements-pour-enfants","10":"sws-gruppo-no-gruppo-fr","11":"sws-categoria-sito-fr","12":"sws-sottocategoria-altro-fr","13":"sws-conto-ricavi-merci-rivendita-abbigliamento-fr","14":"sws-gruppo-iva-iva81-fr","16":"first","17":"instock","18":"shipping-taxable","19":"purchasable","20":"product-type-variable","21":"has-default-attributes"},"_links":{"self":[{"href":"https:\/\/lucacastelli.com\/fr\/wp-json\/wp\/v2\/product\/598956","targetHints":{"allow":["GET"]}}],"collection":[{"href":"https:\/\/lucacastelli.com\/fr\/wp-json\/wp\/v2\/product"}],"about":[{"href":"https:\/\/lucacastelli.com\/fr\/wp-json\/wp\/v2\/types\/product"}],"wp:featuredmedia":[{"embeddable":true,"href":"https:\/\/lucacastelli.com\/fr\/wp-json\/wp\/v2\/media\/64050"}],"wp:attachment":[{"href":"https:\/\/lucacastelli.com\/fr\/wp-json\/wp\/v2\/media?parent=598956"}],"wp:term":[{"taxonomy":"product_brand","embeddable":true,"href":"https:\/\/lucacastelli.com\/fr\/wp-json\/wp\/v2\/product_brand?post=598956"},{"taxonomy":"product_cat","embeddable":true,"href":"https:\/\/lucacastelli.com\/fr\/wp-json\/wp\/v2\/product_cat?post=598956"},{"taxonomy":"product_tag","embeddable":true,"href":"https:\/\/lucacastelli.com\/fr\/wp-json\/wp\/v2\/product_tag?post=598956"}],"curies":[{"name":"wp","href":"https:\/\/api.w.org\/{rel}","templated":true}]}}