{"id":598912,"date":"2022-06-20T14:08:21","date_gmt":"2022-06-20T12:08:21","guid":{"rendered":"https:\/\/lucacastelli.com\/prodotto\/pfanner-arborist-schnittschutzschlauch-typ-c\/"},"modified":"2026-04-18T01:24:30","modified_gmt":"2026-04-17T23:24:30","slug":"pfanner-arborist-schnittschutzschlauch-typ-c","status":"publish","type":"product","link":"https:\/\/lucacastelli.com\/fr\/produit\/pfanner-arborist-schnittschutzschlauch-typ-c\/","title":{"rendered":"PFANNER Arborist Pantalon anti-coupure TYPE C"},"content":{"rendered":"<p>&#8211; Classe de protection anti-coupure 1<br \/>\n&#8211; Technologie StretchAIR<br \/>\n&#8211; Protection Keprotec\u00ae sur la partie avant et int\u00e9rieure de la jambe<br \/>\n&#8211; KlimaAIR\u00ae \u00e0 la taille<br \/>\n&#8211; Genoux pr\u00e9form\u00e9s<br \/>\nDoublure int\u00e9rieure en fibre fonctionnelle<br \/>\nLes pantalons anti-coupure Arborist sont con\u00e7us pour les travaux en hauteur. Dans un environnement qui exige une concentration et une attention maximales, vous ne devriez jamais effectuer de mouvements involontaires. Les technologies StretchAIR\u00ae et KlimaAIR\u00ae garantissent libert\u00e9 de mouvement et confort. Les renforts Keprotec\u00ae sur les jambes assurent une protection optimale contre les crampons. Pour prot\u00e9ger contre le risque de blessures \u00e0 l&#8217;arri\u00e8re des jambes, ce pantalon est \u00e9quip\u00e9 d&#8217;une protection anti-coupure \u00e0 360\u00b0.<br \/>\nMat\u00e9riau<br \/>\nTissu extensible : 90 % polyamide, 10 % \u00e9lasthanne<br \/>\nRenfort aux genoux : 62 % polyamide, 38 % Keprotec\u00ae Kevlar<br \/>\nDoublure : 100 % polyester Cocona<br \/>\nProtection anti-coupure : Dyneema    <\/p>\n","protected":false},"excerpt":{"rendered":"<p>&#8211; Classe de protection anti-coupure 1 &#8211; Technologie StretchAIR &#8211; Protection Keprotec\u00ae sur la partie avant et int\u00e9rieure de la<\/p>\n","protected":false},"featured_media":40309,"template":"","meta":{"_seopress_robots_primary_cat":"none","_seopress_titles_title":"","_seopress_titles_desc":"","_seopress_robots_index":""},"product_brand":[3669],"product_cat":[81,1381],"product_tag":[],"class_list":{"0":"post-598912","1":"product","2":"type-product","3":"status-publish","4":"has-post-thumbnail","6":"product_brand-pfanner-fr","7":"product_cat-vetements","8":"product_cat-vetements-de-travail","9":"sws-gruppo-no-gruppo-fr","10":"sws-categoria-sito-fr","11":"sws-sottocategoria-altro-fr","12":"sws-conto-ricavi-merci-rivendita-abbigliamento-fr","13":"sws-gruppo-iva-iva81-fr","15":"first","16":"instock","17":"shipping-taxable","18":"purchasable","19":"product-type-variable"},"_links":{"self":[{"href":"https:\/\/lucacastelli.com\/fr\/wp-json\/wp\/v2\/product\/598912","targetHints":{"allow":["GET"]}}],"collection":[{"href":"https:\/\/lucacastelli.com\/fr\/wp-json\/wp\/v2\/product"}],"about":[{"href":"https:\/\/lucacastelli.com\/fr\/wp-json\/wp\/v2\/types\/product"}],"wp:featuredmedia":[{"embeddable":true,"href":"https:\/\/lucacastelli.com\/fr\/wp-json\/wp\/v2\/media\/40309"}],"wp:attachment":[{"href":"https:\/\/lucacastelli.com\/fr\/wp-json\/wp\/v2\/media?parent=598912"}],"wp:term":[{"taxonomy":"product_brand","embeddable":true,"href":"https:\/\/lucacastelli.com\/fr\/wp-json\/wp\/v2\/product_brand?post=598912"},{"taxonomy":"product_cat","embeddable":true,"href":"https:\/\/lucacastelli.com\/fr\/wp-json\/wp\/v2\/product_cat?post=598912"},{"taxonomy":"product_tag","embeddable":true,"href":"https:\/\/lucacastelli.com\/fr\/wp-json\/wp\/v2\/product_tag?post=598912"}],"curies":[{"name":"wp","href":"https:\/\/api.w.org\/{rel}","templated":true}]}}