{"id":598551,"date":"2025-08-07T10:27:18","date_gmt":"2025-08-07T08:27:18","guid":{"rendered":"https:\/\/lucacastelli.com\/prodotto\/casque-protos-forest-avec-visiere-f39\/"},"modified":"2026-04-16T02:10:14","modified_gmt":"2026-04-16T00:10:14","slug":"casque-protos-forest-avec-visiere-f39","status":"publish","type":"product","link":"https:\/\/lucacastelli.com\/fr\/produit\/casque-protos-forest-avec-visiere-f39\/","title":{"rendered":"Casque Protos\u00ae Forest avec visi\u00e8re F39"},"content":{"rendered":"<p>Le Protos\u00ae Integral Forest est unique dans le secteur forestier. Il a \u00e9t\u00e9 con\u00e7u sp\u00e9cialement pour r\u00e9pondre aux exigences du secteur forestier. La solution int\u00e9grale en fait le compagnon id\u00e9al tant pour les professionnels que pour les particuliers. Tous les composants ont \u00e9t\u00e9 int\u00e9gr\u00e9s dans la calotte du casque, \u00e9vitant ainsi de rester accroch\u00e9 aux branches, broussailles ou autres obstacles. La protection profonde de la nuque prot\u00e8ge l\u2019arri\u00e8re de la t\u00eate contre les chocs et les chutes. La fente de ventilation n\u2019offre pas seulement un confort accru, mais sert \u00e9galement de pare-chocs suppl\u00e9mentaire en cas de choc, avant que la force n\u2019agisse sur la calotte principale. Avec les certifications EN 397, EN 352-3 et EN 1731 S, le Protos\u00ae Integral Forest et ses accessoires sont le choix parfait pour les utilisations les plus exigeantes et les conditions climatiques les plus extr\u00eames, des temp\u00e9ratures froides et humides aux temp\u00e9ratures chaudes et s\u00e8ches. M\u00eame lorsque la protection auditive est en position passive, le Protos\u00ae reste parfaitement en place sur la t\u00eate.<br \/>\nInfos<br \/>\nUne coque bicolore peut augmenter consid\u00e9rablement la visibilit\u00e9<br \/>\nVersion F39 avec visi\u00e8re fine 39 trous\/cm\u00b2 et G16 avec visi\u00e8re large \u00e0 16 trous\/cm\u00b2.<br \/>\nLa protection auditive int\u00e9grale offre une valeur d\u2019isolation acoustique de : SNR = 27 dB (H = 34 dB, M = 24 dB, L = 17 dB)<br \/>\nDirectives CFST<br \/>\nArt. 4.3.1. La couleur de la calotte du casque doit \u00eatre principalement orange ou rouge. Une deuxi\u00e8me couleur de signalisation est autoris\u00e9e si elle correspond aux teintes jaune, orange ou rouge.<br \/>\nS\u00e9curit\u00e9 et confort<br \/>\nTous les avantages du syst\u00e8me Stern pour le Protos Integral sont \u00e9galement pr\u00e9sents dans le Forest. En particulier, la structure interne innovante dot\u00e9e de la technologie Klima-Air offre une valeur ajout\u00e9e imbattable pour l\u2019utilisateur. La ventilation active et la tenue parfaite sur la t\u00eate rendent le travail quotidien plus agr\u00e9able.           <\/p>\n<p>&nbsp;<\/p>\n<p>Mat\u00e9riau : 50 % ABS, 50 % polyamide<br \/>\nPoids : 0,865 kg<br \/>\nDimensions : taille unique r\u00e9glable par fermeture brevet\u00e9e sur la nuque<br \/>\nStandard : tour de t\u00eate 54\u201362 cm<br \/>\nTaille extra : tour de t\u00eate : 56\u201364 cm (disponible sur demande)<br \/>\nNormes : EN 397, EN 352-3, EN 1731 S, ANSI Z89.1<br \/>\nValeur d\u2019isolation acoustique : SNR = 27 dB (H = 34 dB, M = 24 dB, L = 17 dB)<\/p>\n","protected":false},"excerpt":{"rendered":"<p>Le Protos\u00ae Integral Forest est unique dans le secteur forestier. Il a \u00e9t\u00e9 con\u00e7u sp\u00e9cialement pour r\u00e9pondre aux exigences du<\/p>\n","protected":false},"featured_media":597516,"template":"","meta":{"_seopress_robots_primary_cat":"none","_seopress_titles_title":"","_seopress_titles_desc":"","_seopress_robots_index":""},"product_brand":[3669,4722],"product_cat":[1405,144,1397],"product_tag":[],"class_list":{"0":"post-598551","1":"product","2":"type-product","3":"status-publish","4":"has-post-thumbnail","6":"product_brand-pfanner-fr","7":"product_brand-protos-fr","8":"product_cat-casques","9":"product_cat-equipement","10":"product_cat-equipement-de-travail","11":"sws-gruppo-no-gruppo-fr","12":"sws-conto-ricavi-merci-rivendita-abbigliamento-fr","13":"sws-gruppo-iva-iva81-fr","15":"first","16":"instock","17":"shipping-taxable","18":"purchasable","19":"product-type-variable"},"_links":{"self":[{"href":"https:\/\/lucacastelli.com\/fr\/wp-json\/wp\/v2\/product\/598551","targetHints":{"allow":["GET"]}}],"collection":[{"href":"https:\/\/lucacastelli.com\/fr\/wp-json\/wp\/v2\/product"}],"about":[{"href":"https:\/\/lucacastelli.com\/fr\/wp-json\/wp\/v2\/types\/product"}],"wp:featuredmedia":[{"embeddable":true,"href":"https:\/\/lucacastelli.com\/fr\/wp-json\/wp\/v2\/media\/597516"}],"wp:attachment":[{"href":"https:\/\/lucacastelli.com\/fr\/wp-json\/wp\/v2\/media?parent=598551"}],"wp:term":[{"taxonomy":"product_brand","embeddable":true,"href":"https:\/\/lucacastelli.com\/fr\/wp-json\/wp\/v2\/product_brand?post=598551"},{"taxonomy":"product_cat","embeddable":true,"href":"https:\/\/lucacastelli.com\/fr\/wp-json\/wp\/v2\/product_cat?post=598551"},{"taxonomy":"product_tag","embeddable":true,"href":"https:\/\/lucacastelli.com\/fr\/wp-json\/wp\/v2\/product_tag?post=598551"}],"curies":[{"name":"wp","href":"https:\/\/api.w.org\/{rel}","templated":true}]}}