{"id":598550,"date":"2025-08-05T15:23:24","date_gmt":"2025-08-05T13:23:24","guid":{"rendered":"https:\/\/lucacastelli.com\/prodotto\/pfanner-klimaair-forstjacke-rouge-jaune-fluorescent\/"},"modified":"2026-04-16T01:12:06","modified_gmt":"2026-04-15T23:12:06","slug":"pfanner-klimaair-forstjacke-rouge-jaune-fluorescent","status":"publish","type":"product","link":"https:\/\/lucacastelli.com\/fr\/produit\/pfanner-klimaair-forstjacke-rouge-jaune-fluorescent\/","title":{"rendered":"PFANNER KlimaAir\u00ae Forstjacke rouge &#8211; jaune fluo"},"content":{"rendered":"<p>Depuis des d\u00e9cennies, la veste foresti\u00e8re KlimaAIR\u00ae est notre produit phare. Les technologies KlimaAIR\u00ae et Stretch-AIR\u00ae garantissent un confort maximal et permettent de la porter toute l\u2019ann\u00e9e. Les manches amovibles et la ventilation suppl\u00e9mentaire dans le dos assurent un travail sans surchauffe, m\u00eame lors des journ\u00e9es les plus chaudes. Le tissu ext\u00e9rieur hydrofuge et r\u00e9sistant aux salissures est extr\u00eamement ind\u00e9chirable et garantit la long\u00e9vit\u00e9 de la veste. Le syst\u00e8me de poches brevet\u00e9 Zipp2Zipp\u00ae des deux c\u00f4t\u00e9s offre un espace de rangement optimal pour les documents et le t\u00e9l\u00e9phone portable. Le col montant emp\u00eache l\u2019intrusion de branches et de salet\u00e9s<br \/>\n&#8211; Technologie StretchAIR\u00ae<br \/>\n&#8211; Technologie KlimaAIR\u00ae<br \/>\n&#8211; Col montant<br \/>\n&#8211; Extr\u00eamement robuste<br \/>\n&#8211; \u00c9paules imperm\u00e9ables<br \/>\n&#8211; R\u00e9sistante \u00e0 l\u2019eau et aux salissures<br \/>\n&#8211; Syst\u00e8me de poches Zipp2Zipp\u00ae<br \/>\n&#8211; Manches de rechange disponibles s\u00e9par\u00e9ment (art. 107031)     <\/p>\n<p>Mati\u00e8re :<br \/>\nMati\u00e8re ext\u00e9rieure : 83 % EME-Lycra, 17 % polyester T-400<br \/>\nTissu extensible : 92 % polyamide, 8 % \u00e9lasthanne<br \/>\nDoublure : 100 % polyester<br \/>\nNormes<br \/>\nEN 20471 \/ Classe 2 (uniquement version orange)<\/p>\n","protected":false},"excerpt":{"rendered":"<p>Depuis des d\u00e9cennies, la veste foresti\u00e8re KlimaAIR\u00ae est notre produit phare. Les technologies KlimaAIR\u00ae et Stretch-AIR\u00ae garantissent un confort maximal<\/p>\n","protected":false},"featured_media":593899,"template":"","meta":{"_seopress_robots_primary_cat":"none","_seopress_titles_title":"","_seopress_titles_desc":"","_seopress_robots_index":""},"product_brand":[3458],"product_cat":[21,284],"product_tag":[],"class_list":{"0":"post-598550","1":"product","2":"type-product","3":"status-publish","4":"has-post-thumbnail","6":"product_brand-pfanner","7":"product_cat-abbigliamento","8":"product_cat-abbigliamento-da-lavoro","9":"sws-gruppo-no-gruppo-fr","10":"sws-conto-ricavi-merci-rivendita-abbigliamento-fr","11":"sws-gruppo-iva-iva81-fr","13":"first","14":"instock","15":"shipping-taxable","16":"purchasable","17":"product-type-variable","18":"has-default-attributes"},"_links":{"self":[{"href":"https:\/\/lucacastelli.com\/fr\/wp-json\/wp\/v2\/product\/598550","targetHints":{"allow":["GET"]}}],"collection":[{"href":"https:\/\/lucacastelli.com\/fr\/wp-json\/wp\/v2\/product"}],"about":[{"href":"https:\/\/lucacastelli.com\/fr\/wp-json\/wp\/v2\/types\/product"}],"wp:featuredmedia":[{"embeddable":true,"href":"https:\/\/lucacastelli.com\/fr\/wp-json\/wp\/v2\/media\/593899"}],"wp:attachment":[{"href":"https:\/\/lucacastelli.com\/fr\/wp-json\/wp\/v2\/media?parent=598550"}],"wp:term":[{"taxonomy":"product_brand","embeddable":true,"href":"https:\/\/lucacastelli.com\/fr\/wp-json\/wp\/v2\/product_brand?post=598550"},{"taxonomy":"product_cat","embeddable":true,"href":"https:\/\/lucacastelli.com\/fr\/wp-json\/wp\/v2\/product_cat?post=598550"},{"taxonomy":"product_tag","embeddable":true,"href":"https:\/\/lucacastelli.com\/fr\/wp-json\/wp\/v2\/product_tag?post=598550"}],"curies":[{"name":"wp","href":"https:\/\/api.w.org\/{rel}","templated":true}]}}