{"id":598374,"date":"2025-08-05T11:46:14","date_gmt":"2025-08-05T09:46:14","guid":{"rendered":"https:\/\/lucacastelli.com\/prodotto\/pfanner-gladiator-ii-schnittschutzhose-2-5-gris\/"},"modified":"2025-09-04T00:05:39","modified_gmt":"2025-09-03T22:05:39","slug":"pfanner-gladiator-ii-schnittschutzhose-2-5-gris","status":"publish","type":"product","link":"https:\/\/lucacastelli.com\/fr\/produit\/pfanner-gladiator-ii-schnittschutzhose-2-5-gris\/","title":{"rendered":"PFANNER Gladiator II Schnittschutzhose 2.5 gris"},"content":{"rendered":"<p>Le pantalon anti-coupures Gladiator II 2,5 pr\u00e9sente une r\u00e9duction de poids de 130 g par rapport au mod\u00e8le pr\u00e9c\u00e9dent, gr\u00e2ce \u00e0 sa protection anti-coupures plus l\u00e9g\u00e8re et plus innovante. Ces pantalons r\u00e9pondent \u00e0 la classe de protection anti-coupures 2 et offrent une protection accrue jusqu&#8217;\u00e0 une vitesse de cha\u00eene de 24 m\/s. Malgr\u00e9 la protection accrue contre les coupures, ces pantalons offrent tous les avantages typiques des v\u00eatements de protection Pfanner. La technologie StretchAIR\u00ae garantit un ajustement optimal du pantalon. Des renforts pr\u00e9form\u00e9s sur les genoux et une protection suppl\u00e9mentaire \u00e0 l&#8217;int\u00e9rieur des jambes augmentent encore la durabilit\u00e9. Le thermor\u00e9gulateur KlimaAIR situ\u00e9 au niveau de la Ceinture offre un maximum de confort, m\u00eame avec une protection contre les coupures de classe 2.<br \/>\nP\u00e8se 130 g de moins que son pr\u00e9d\u00e9cesseur gr\u00e2ce \u00e0 la protection l\u00e9g\u00e8re et innovante contre les coupures<br \/>\n-Protection contre les coupures de classe 2<br \/>\n-Fentes d&#8217;a\u00e9ration dans le dos<br \/>\n-Extr\u00eamement r\u00e9sistant aux d\u00e9chirures et aux \u00e9pines<br \/>\n-Technologie StretchAIR\u00ae<br \/>\n-Tissu Gladiator\u00ae<br \/>\n-Renforts pr\u00e9form\u00e9s aux genoux<br \/>\n-Jambes amovibles<br \/>\n-Thermo-r\u00e9gulateur KlimaAIR\u00ae.     <\/p>\n<p>Mati\u00e8re :<br \/>\nDevant : 100% polyamide Gladiator<br \/>\nTissu extensible : 92% polyamide, 8% \u00e9lasthanne<br \/>\nDoublure : 100% polyester Cocona<br \/>\nProtection contre les coupures : Avertic Engtex Pro (classe 2, 24 m\/s)<br \/>\nNormes : EN ISO 11393-2 classe 2 \/ type A.<\/p>\n","protected":false},"excerpt":{"rendered":"<p>Le pantalon anti-coupures Gladiator II 2,5 pr\u00e9sente une r\u00e9duction de poids de 130 g par rapport au mod\u00e8le pr\u00e9c\u00e9dent, gr\u00e2ce<\/p>\n","protected":false},"featured_media":593261,"template":"","meta":{"_seopress_robots_primary_cat":"none","_seopress_titles_title":"","_seopress_titles_desc":"","_seopress_robots_index":""},"product_brand":[3669],"product_cat":[81,1381],"product_tag":[],"class_list":{"0":"post-598374","1":"product","2":"type-product","3":"status-publish","4":"has-post-thumbnail","6":"product_brand-pfanner-fr","7":"product_cat-vetements","8":"product_cat-vetements-de-travail","9":"sws-gruppo-no-gruppo","10":"sws-categoria-sito","11":"sws-conto-ricavi-merci-rivendita-abbigliamento","12":"sws-gruppo-iva-iva81","14":"first","15":"instock","16":"shipping-taxable","17":"purchasable","18":"product-type-variable","19":"has-default-attributes"},"_links":{"self":[{"href":"https:\/\/lucacastelli.com\/fr\/wp-json\/wp\/v2\/product\/598374","targetHints":{"allow":["GET"]}}],"collection":[{"href":"https:\/\/lucacastelli.com\/fr\/wp-json\/wp\/v2\/product"}],"about":[{"href":"https:\/\/lucacastelli.com\/fr\/wp-json\/wp\/v2\/types\/product"}],"wp:featuredmedia":[{"embeddable":true,"href":"https:\/\/lucacastelli.com\/fr\/wp-json\/wp\/v2\/media\/593261"}],"wp:attachment":[{"href":"https:\/\/lucacastelli.com\/fr\/wp-json\/wp\/v2\/media?parent=598374"}],"wp:term":[{"taxonomy":"product_brand","embeddable":true,"href":"https:\/\/lucacastelli.com\/fr\/wp-json\/wp\/v2\/product_brand?post=598374"},{"taxonomy":"product_cat","embeddable":true,"href":"https:\/\/lucacastelli.com\/fr\/wp-json\/wp\/v2\/product_cat?post=598374"},{"taxonomy":"product_tag","embeddable":true,"href":"https:\/\/lucacastelli.com\/fr\/wp-json\/wp\/v2\/product_tag?post=598374"}],"curies":[{"name":"wp","href":"https:\/\/api.w.org\/{rel}","templated":true}]}}