{"id":598287,"date":"2025-08-05T12:02:34","date_gmt":"2025-08-05T10:02:34","guid":{"rendered":"https:\/\/lucacastelli.com\/prodotto\/pfanner-gladiator-ii-schnittschutzhose-2-5-rouge\/"},"modified":"2026-04-16T01:15:00","modified_gmt":"2026-04-15T23:15:00","slug":"pfanner-gladiator-ii-schnittschutzhose-2-5-rouge","status":"publish","type":"product","link":"https:\/\/lucacastelli.com\/fr\/produit\/pfanner-gladiator-ii-schnittschutzhose-2-5-rouge\/","title":{"rendered":"PFANNER Gladiator\u00ae II Pantalon anti-coupures 2.5 rouge"},"content":{"rendered":"<p>Le pantalon anti-coupures Gladiator\u00ae II 2.5 p\u00e8se 130 g de moins que le mod\u00e8le pr\u00e9c\u00e9dent gr\u00e2ce \u00e0 sa protection anti-coupures innovante et l\u00e9g\u00e8re. Ce pantalon est conforme \u00e0 la classe de protection 2 et offre une s\u00e9curit\u00e9 accrue jusqu\u2019\u00e0 une vitesse de cha\u00eene de 24 m\/s. Malgr\u00e9 cette protection sup\u00e9rieure, il conserve tous les atouts des v\u00eatements Pfanner. La technologie StretchAIR\u00ae assure un ajustement parfait. Les renforts pr\u00e9form\u00e9s aux genoux et la protection int\u00e9rieure des jambes prolongent sa dur\u00e9e de vie. Le r\u00e9gulateur thermique KlimaAIR\u00ae \u00e0 la taille garantit un confort optimal, m\u00eame en classe 2.<br \/>\n-Poids r\u00e9duit de 130 g par rapport au mod\u00e8le pr\u00e9c\u00e9dent gr\u00e2ce \u00e0 la protection anti-coupures l\u00e9g\u00e8re et innovante<br \/>\n-Protection anti-coupures de classe 2<br \/>\n-Fentes d\u2019a\u00e9ration \u00e0 l\u2019arri\u00e8re<br \/>\n-Extr\u00eamement r\u00e9sistant aux d\u00e9chirures et aux \u00e9pines<br \/>\n-Technologie StretchAIR\u00ae<br \/>\n-Tissu Gladiator\u00ae<br \/>\n-Renforts pr\u00e9form\u00e9s aux genoux<br \/>\n-Jambes amovibles<br \/>\n-R\u00e9gulateur thermique KlimaAIR\u00ae     <\/p>\n<p>Mat\u00e9riau :<br \/>\nFace avant : 100 % polyamide Gladiator\u00ae<br \/>\nTissu extensible : 92 % polyamide, 8 % \u00e9lasthanne<br \/>\nDoublure : 100 % polyester Cocona<br \/>\nProtection anti-coupures : Avertic Engtex Pro (classe 2, 24 m\/s)<br \/>\nNormes : EN ISO 11393-2 classe 2 \/ type A<\/p>\n","protected":false},"excerpt":{"rendered":"<p>Le pantalon anti-coupures Gladiator\u00ae II 2.5 p\u00e8se 130 g de moins que le mod\u00e8le pr\u00e9c\u00e9dent gr\u00e2ce \u00e0 sa protection anti-coupures<\/p>\n","protected":false},"featured_media":593033,"template":"","meta":{"_seopress_robots_primary_cat":"none","_seopress_titles_title":"","_seopress_titles_desc":"","_seopress_robots_index":""},"product_brand":[3458],"product_cat":[21,284],"product_tag":[],"class_list":{"0":"post-598287","1":"product","2":"type-product","3":"status-publish","4":"has-post-thumbnail","6":"product_brand-pfanner","7":"product_cat-abbigliamento","8":"product_cat-abbigliamento-da-lavoro","9":"sws-gruppo-no-gruppo-fr","10":"sws-categoria-sito-fr","11":"sws-conto-ricavi-merci-rivendita-abbigliamento-fr","12":"sws-gruppo-iva-iva81-fr","14":"first","15":"instock","16":"shipping-taxable","17":"purchasable","18":"product-type-variable","19":"has-default-attributes"},"_links":{"self":[{"href":"https:\/\/lucacastelli.com\/fr\/wp-json\/wp\/v2\/product\/598287","targetHints":{"allow":["GET"]}}],"collection":[{"href":"https:\/\/lucacastelli.com\/fr\/wp-json\/wp\/v2\/product"}],"about":[{"href":"https:\/\/lucacastelli.com\/fr\/wp-json\/wp\/v2\/types\/product"}],"wp:featuredmedia":[{"embeddable":true,"href":"https:\/\/lucacastelli.com\/fr\/wp-json\/wp\/v2\/media\/593033"}],"wp:attachment":[{"href":"https:\/\/lucacastelli.com\/fr\/wp-json\/wp\/v2\/media?parent=598287"}],"wp:term":[{"taxonomy":"product_brand","embeddable":true,"href":"https:\/\/lucacastelli.com\/fr\/wp-json\/wp\/v2\/product_brand?post=598287"},{"taxonomy":"product_cat","embeddable":true,"href":"https:\/\/lucacastelli.com\/fr\/wp-json\/wp\/v2\/product_cat?post=598287"},{"taxonomy":"product_tag","embeddable":true,"href":"https:\/\/lucacastelli.com\/fr\/wp-json\/wp\/v2\/product_tag?post=598287"}],"curies":[{"name":"wp","href":"https:\/\/api.w.org\/{rel}","templated":true}]}}