{"id":598243,"date":"2025-08-05T11:09:27","date_gmt":"2025-08-05T09:09:27","guid":{"rendered":"https:\/\/lucacastelli.com\/prodotto\/pfanner-gladiator-ii-schnittschutzhose-rouge\/"},"modified":"2026-04-16T01:14:39","modified_gmt":"2026-04-15T23:14:39","slug":"pfanner-gladiator-ii-schnittschutzhose-rouge","status":"publish","type":"product","link":"https:\/\/lucacastelli.com\/fr\/produit\/pfanner-gladiator-ii-schnittschutzhose-rouge\/","title":{"rendered":"PFANNER Gladiator\u00ae II Pantalon anti-coupures rouge"},"content":{"rendered":"<p>La protection anti-coupures Gladiator\u00ae II est conforme \u00e0 la classe de protection anti-coupures 2 et offre une protection \u00e9lev\u00e9e jusqu\u2019\u00e0 une vitesse de cha\u00eene de 24 m\/s. Malgr\u00e9 cette protection \u00e9lev\u00e9e, ce pantalon offre tous les avantages typiques des v\u00eatements de protection Pfanner. La technologie StretchAIR\u00ae garantit un ajustement optimal du pantalon. Les renforts pr\u00e9form\u00e9s aux genoux et la protection suppl\u00e9mentaire \u00e0 l\u2019int\u00e9rieur des jambes augmentent encore la durabilit\u00e9. Le thermor\u00e9gulateur KlimaAIR\u00ae au niveau de la ceinture offre un confort maximal, m\u00eame avec une protection anti-coupures de classe 2.<br \/>\n-Protection anti-coupures de classe 2<br \/>\n-Fentes de ventilation \u00e0 l\u2019arri\u00e8re<br \/>\n-Extr\u00eamement r\u00e9sistant aux d\u00e9chirures et aux \u00e9pines<br \/>\n-Technologie StretchAIR\u00ae<br \/>\n-Tissu Gladiator\u00ae<br \/>\n-Renforts pr\u00e9form\u00e9s aux genoux<br \/>\n-Gu\u00eatres amovibles<br \/>\n-Thermor\u00e9gulateur KlimaAIR\u00ae    <\/p>\n<p>Mat\u00e9riau :<br \/>\nFace avant : 100 % polyamide Gladiator\u00ae<br \/>\nTissu extensible : 92 % polyamide, 8 % \u00e9lasthanne<br \/>\nDoublure : 100 % polyester Cocona<br \/>\nProtection anti-coupures : Avertic Engtex Pro (classe 2, 24 m\/s)<br \/>\nNormes : EN 381-5 classe 2 \/ type A<\/p>\n","protected":false},"excerpt":{"rendered":"<p>La protection anti-coupures Gladiator\u00ae II est conforme \u00e0 la classe de protection anti-coupures 2 et offre une protection \u00e9lev\u00e9e jusqu\u2019\u00e0<\/p>\n","protected":false},"featured_media":591871,"template":"","meta":{"_seopress_robots_primary_cat":"none","_seopress_titles_title":"","_seopress_titles_desc":"","_seopress_robots_index":""},"product_brand":[3669],"product_cat":[81,1381],"product_tag":[],"class_list":{"0":"post-598243","1":"product","2":"type-product","3":"status-publish","4":"has-post-thumbnail","6":"product_brand-pfanner-fr","7":"product_cat-vetements","8":"product_cat-vetements-de-travail","9":"sws-gruppo-no-gruppo-fr","10":"sws-categoria-sito-fr","11":"sws-conto-ricavi-merci-rivendita-abbigliamento-fr","12":"sws-gruppo-iva-iva81-fr","14":"first","15":"instock","16":"shipping-taxable","17":"purchasable","18":"product-type-variable","19":"has-default-attributes"},"_links":{"self":[{"href":"https:\/\/lucacastelli.com\/fr\/wp-json\/wp\/v2\/product\/598243","targetHints":{"allow":["GET"]}}],"collection":[{"href":"https:\/\/lucacastelli.com\/fr\/wp-json\/wp\/v2\/product"}],"about":[{"href":"https:\/\/lucacastelli.com\/fr\/wp-json\/wp\/v2\/types\/product"}],"wp:featuredmedia":[{"embeddable":true,"href":"https:\/\/lucacastelli.com\/fr\/wp-json\/wp\/v2\/media\/591871"}],"wp:attachment":[{"href":"https:\/\/lucacastelli.com\/fr\/wp-json\/wp\/v2\/media?parent=598243"}],"wp:term":[{"taxonomy":"product_brand","embeddable":true,"href":"https:\/\/lucacastelli.com\/fr\/wp-json\/wp\/v2\/product_brand?post=598243"},{"taxonomy":"product_cat","embeddable":true,"href":"https:\/\/lucacastelli.com\/fr\/wp-json\/wp\/v2\/product_cat?post=598243"},{"taxonomy":"product_tag","embeddable":true,"href":"https:\/\/lucacastelli.com\/fr\/wp-json\/wp\/v2\/product_tag?post=598243"}],"curies":[{"name":"wp","href":"https:\/\/api.w.org\/{rel}","templated":true}]}}