{"id":598177,"date":"2025-08-05T10:27:03","date_gmt":"2025-08-05T08:27:03","guid":{"rendered":"https:\/\/lucacastelli.com\/prodotto\/pfanner-gladiator-extrem-schnittschutzhose-rouge\/"},"modified":"2026-04-16T01:10:32","modified_gmt":"2026-04-15T23:10:32","slug":"pfanner-gladiator-extrem-schnittschutzhose-rouge","status":"publish","type":"product","link":"https:\/\/lucacastelli.com\/fr\/produit\/pfanner-gladiator-extrem-schnittschutzhose-rouge\/","title":{"rendered":"PFANNER Gladiator\u00ae Extrem Pantalon anti-coupures rouge"},"content":{"rendered":"<p>Gladiator\u00ae Extrem : le nom dit tout. Ce pantalon est con\u00e7u pour les d\u00e9fis les plus rudes. Garantie \u00e0 100% contre les d\u00e9chirures gr\u00e2ce \u00e0 notre nouveau tissu ICON Gladiator. Le tissu ext\u00e9rieur renforc\u00e9 avec des fils Gladiator\u00ae Extrem r\u00e9siste \u00e0 des d\u00e9fis tels que l&#8217;huile, la chaleur, l&#8217;eau et les \u00e9pines. Ce pantalon est l&#8217;\u00e9quipement parfait pour une utilisation dans les for\u00eats denses et couvertes d&#8217;\u00e9pines. Avec cette extraordinaire protection des jambes haute technologie, qui inclut la technologie KlimaAIR\u00ae et StretchAIR\u00ae, un confort maximal est garanti.<br \/>\n-Technologie StretchAIR\u00ae<br \/>\n-Technologie KlimaAIR\u00ae<br \/>\n-Tissu ext\u00e9rieur Gladiator\u00ae Extrem<br \/>\n-Protection anti-coupures Dyneema classe 1<br \/>\n-Fentes de ventilation \u00e0 l&#8217;arri\u00e8re<br \/>\n-Renfort imperm\u00e9able Keprotec\u00ae aux genoux<br \/>\n-Protection lombaire plus large     <\/p>\n<p>Mat\u00e9riau :<br \/>\nGladiator\u00ae Extrem : 100% polyamide<br \/>\nTissu stretch : 92% polyamide, 8% \u00e9lasthanne<br \/>\nDoublure : 100% polyester Cocona<br \/>\nProtection anti-coupures : Avertic Engtex Pro (classe 1, 20 m\/s)<br \/>\nNormes<br \/>\nEN 381-5 Classe 1 \/ Type A<\/p>\n","protected":false},"excerpt":{"rendered":"<p>Gladiator\u00ae Extrem : le nom dit tout. Ce pantalon est con\u00e7u pour les d\u00e9fis les plus rudes. Garantie \u00e0 100%<\/p>\n","protected":false},"featured_media":590918,"template":"","meta":{"_seopress_robots_primary_cat":"none","_seopress_titles_title":"","_seopress_titles_desc":"","_seopress_robots_index":""},"product_brand":[3669],"product_cat":[81,1381],"product_tag":[],"class_list":{"0":"post-598177","1":"product","2":"type-product","3":"status-publish","4":"has-post-thumbnail","6":"product_brand-pfanner-fr","7":"product_cat-vetements","8":"product_cat-vetements-de-travail","9":"sws-gruppo-no-gruppo-fr","10":"sws-categoria-sito-fr","11":"sws-conto-ricavi-merci-rivendita-abbigliamento-fr","12":"sws-gruppo-iva-iva81-fr","14":"first","15":"instock","16":"shipping-taxable","17":"purchasable","18":"product-type-variable","19":"has-default-attributes"},"_links":{"self":[{"href":"https:\/\/lucacastelli.com\/fr\/wp-json\/wp\/v2\/product\/598177","targetHints":{"allow":["GET"]}}],"collection":[{"href":"https:\/\/lucacastelli.com\/fr\/wp-json\/wp\/v2\/product"}],"about":[{"href":"https:\/\/lucacastelli.com\/fr\/wp-json\/wp\/v2\/types\/product"}],"wp:featuredmedia":[{"embeddable":true,"href":"https:\/\/lucacastelli.com\/fr\/wp-json\/wp\/v2\/media\/590918"}],"wp:attachment":[{"href":"https:\/\/lucacastelli.com\/fr\/wp-json\/wp\/v2\/media?parent=598177"}],"wp:term":[{"taxonomy":"product_brand","embeddable":true,"href":"https:\/\/lucacastelli.com\/fr\/wp-json\/wp\/v2\/product_brand?post=598177"},{"taxonomy":"product_cat","embeddable":true,"href":"https:\/\/lucacastelli.com\/fr\/wp-json\/wp\/v2\/product_cat?post=598177"},{"taxonomy":"product_tag","embeddable":true,"href":"https:\/\/lucacastelli.com\/fr\/wp-json\/wp\/v2\/product_tag?post=598177"}],"curies":[{"name":"wp","href":"https:\/\/api.w.org\/{rel}","templated":true}]}}