{"id":598010,"date":"2025-08-05T08:19:16","date_gmt":"2025-08-05T06:19:16","guid":{"rendered":"https:\/\/lucacastelli.com\/prodotto\/pfanner-canvas-warnshorts-en-20471\/"},"modified":"2026-04-16T00:50:26","modified_gmt":"2026-04-15T22:50:26","slug":"pfanner-canvas-warnshorts-en-20471","status":"publish","type":"product","link":"https:\/\/lucacastelli.com\/fr\/produit\/pfanner-canvas-warnshorts-en-20471\/","title":{"rendered":"PFANNER Canvas Warnshorts EN 20471"},"content":{"rendered":"<p>Le short haute visibilit\u00e0 StretchZone\u00ae EN 20471 est notre mod\u00e8le polyvalent pour les activit\u00e9s les plus diverses, o\u00f9 il est essentiel de garantir une visibilit\u00e9 \u00e9lev\u00e9e sans renoncer au confort. Six poches fonctionnelles adapt\u00e9es \u00e0 tout usage. La technologie StretchZone\u00ae garantit une coupe parfaite du short. Le gousset \u00e9lastique \u00e0 l\u2019entrejambe et les coutures multiples \u00e0 l\u2019arri\u00e8re emp\u00eachent la d\u00e9chirure et l\u2019\u00e9tirement excessif des coutures.<br \/>\n-Couleur de signalisation certifi\u00e9e EN 20471 \/ Classe 2<br \/>\n-Technologie StretchZone\u00ae<br \/>\n-Six poches fonctionnelles, dont une poche sp\u00e9ciale pour m\u00e8tre \u00e0 trois sections<br \/>\n-\u00c9lasticit\u00e9 maximale dans la zone arri\u00e8re   <\/p>\n<p>&nbsp;<\/p>\n<p>&nbsp;<\/p>\n<p>Mat\u00e9riau :<br \/>\nMat\u00e9riau ext\u00e9rieur : 70 % polyester, 30 % coton<br \/>\nTissu extensible : 90 % polyamide, 10 % \u00e9lasthanne<br \/>\nNormes :<br \/>\nEN 20471 \/ Classe 2<\/p>\n","protected":false},"excerpt":{"rendered":"<p>Le short haute visibilit\u00e0 StretchZone\u00ae EN 20471 est notre mod\u00e8le polyvalent pour les activit\u00e9s les plus diverses, o\u00f9 il est<\/p>\n","protected":false},"featured_media":589506,"template":"","meta":{"_seopress_robots_primary_cat":"","_seopress_titles_title":"","_seopress_titles_desc":"","_seopress_robots_index":""},"product_brand":[3669],"product_cat":[81,1381],"product_tag":[],"class_list":{"0":"post-598010","1":"product","2":"type-product","3":"status-publish","4":"has-post-thumbnail","6":"product_brand-pfanner-fr","7":"product_cat-vetements","8":"product_cat-vetements-de-travail","9":"sws-gruppo-no-gruppo-fr","10":"sws-conto-ricavi-merci-rivendita-abbigliamento-fr","11":"sws-gruppo-iva-iva81-fr","13":"first","14":"instock","15":"shipping-taxable","16":"purchasable","17":"product-type-variable","18":"has-default-attributes"},"_links":{"self":[{"href":"https:\/\/lucacastelli.com\/fr\/wp-json\/wp\/v2\/product\/598010","targetHints":{"allow":["GET"]}}],"collection":[{"href":"https:\/\/lucacastelli.com\/fr\/wp-json\/wp\/v2\/product"}],"about":[{"href":"https:\/\/lucacastelli.com\/fr\/wp-json\/wp\/v2\/types\/product"}],"wp:featuredmedia":[{"embeddable":true,"href":"https:\/\/lucacastelli.com\/fr\/wp-json\/wp\/v2\/media\/589506"}],"wp:attachment":[{"href":"https:\/\/lucacastelli.com\/fr\/wp-json\/wp\/v2\/media?parent=598010"}],"wp:term":[{"taxonomy":"product_brand","embeddable":true,"href":"https:\/\/lucacastelli.com\/fr\/wp-json\/wp\/v2\/product_brand?post=598010"},{"taxonomy":"product_cat","embeddable":true,"href":"https:\/\/lucacastelli.com\/fr\/wp-json\/wp\/v2\/product_cat?post=598010"},{"taxonomy":"product_tag","embeddable":true,"href":"https:\/\/lucacastelli.com\/fr\/wp-json\/wp\/v2\/product_tag?post=598010"}],"curies":[{"name":"wp","href":"https:\/\/api.w.org\/{rel}","templated":true}]}}