{"id":597765,"date":"2025-08-07T12:10:25","date_gmt":"2025-08-07T10:10:25","guid":{"rendered":"https:\/\/lucacastelli.com\/prodotto\/arbortec-caiman-breathedry-softshell-2\/"},"modified":"2025-09-30T11:59:12","modified_gmt":"2025-09-30T09:59:12","slug":"arbortec-caiman-breathedry-softshell-2","status":"publish","type":"product","link":"https:\/\/lucacastelli.com\/fr\/produit\/arbortec-caiman-breathedry-softshell-2\/","title":{"rendered":"Arbortec Caiman BreatheDry Softshell"},"content":{"rendered":"<p>DESCRIPTION DU PRODUIT<br \/>\nL&#8217;\u00e9l\u00e9gante veste softshell imperm\u00e9able &#8216;Caiman&#8217; est \u00e9quip\u00e9e d&#8217;un syst\u00e8me de ventilation et d&#8217;une capuche amovible. Ce v\u00eatement performant est disponible en noir, gris ou vert olive et conf\u00e8re une apparence professionnelle \u00e0 tout membre de l&#8217;\u00e9quipe, au travail comme en dehors.<br \/>\nLa veste est \u00e9quip\u00e9e d&#8217;une grande capuche imperm\u00e9able enti\u00e8rement amovible. De grandes fermetures \u00e9clair \u00e0 l&#8217;arri\u00e8re servent \u00e9galement de ventilation suppl\u00e9mentaire, et il y a d&#8217;autres ventilations zipp\u00e9es sous les aisselles.<br \/>\nToutes les poches ext\u00e9rieures avant sont ferm\u00e9es par des fermetures \u00e9clair \u00e9tanches soud\u00e9es avec des passepoils r\u00e9fl\u00e9chissants.<br \/>\nCARACT\u00c9RISTIQUES<br \/>\nImperm\u00e9able et respirant.<br \/>\nCapuche amovible.<br \/>\nCapuche et ceinture avec cordon de serrage.<br \/>\nPoche pour t\u00e9l\u00e9phone avec port m\u00e9dia.<br \/>\nGrandes poches int\u00e9rieures avec porte-cl\u00e9 int\u00e9gr\u00e9.  <\/p>\n","protected":false},"excerpt":{"rendered":"<p>DESCRIPTION DU PRODUIT L&#8217;\u00e9l\u00e9gante veste softshell imperm\u00e9able &#8216;Caiman&#8217; est \u00e9quip\u00e9e d&#8217;un syst\u00e8me de ventilation et d&#8217;une capuche amovible. Ce v\u00eatement<\/p>\n","protected":false},"featured_media":597760,"template":"","meta":{"_seopress_robots_primary_cat":"none","_seopress_titles_title":"","_seopress_titles_desc":"","_seopress_robots_index":""},"product_brand":[3613],"product_cat":[81,981,982],"product_tag":[5805],"class_list":{"0":"post-597765","1":"product","2":"type-product","3":"status-publish","4":"has-post-thumbnail","6":"product_brand-arbortec-fr-2","7":"product_cat-vetements","8":"product_cat-vetements-de-loisirs","9":"product_cat-vetements-pour-hommes","10":"product_tag-lucerne2025","11":"sws-gruppo-abb-libero-fr","12":"sws-categoria-sito-fr","13":"sws-conto-ricavi-merci-rivendita-abbigliamento-fr","14":"sws-gruppo-iva-iva81-fr","16":"first","17":"instock","18":"shipping-taxable","19":"purchasable","20":"product-type-variable","21":"has-default-attributes"},"_links":{"self":[{"href":"https:\/\/lucacastelli.com\/fr\/wp-json\/wp\/v2\/product\/597765","targetHints":{"allow":["GET"]}}],"collection":[{"href":"https:\/\/lucacastelli.com\/fr\/wp-json\/wp\/v2\/product"}],"about":[{"href":"https:\/\/lucacastelli.com\/fr\/wp-json\/wp\/v2\/types\/product"}],"wp:featuredmedia":[{"embeddable":true,"href":"https:\/\/lucacastelli.com\/fr\/wp-json\/wp\/v2\/media\/597760"}],"wp:attachment":[{"href":"https:\/\/lucacastelli.com\/fr\/wp-json\/wp\/v2\/media?parent=597765"}],"wp:term":[{"taxonomy":"product_brand","embeddable":true,"href":"https:\/\/lucacastelli.com\/fr\/wp-json\/wp\/v2\/product_brand?post=597765"},{"taxonomy":"product_cat","embeddable":true,"href":"https:\/\/lucacastelli.com\/fr\/wp-json\/wp\/v2\/product_cat?post=597765"},{"taxonomy":"product_tag","embeddable":true,"href":"https:\/\/lucacastelli.com\/fr\/wp-json\/wp\/v2\/product_tag?post=597765"}],"curies":[{"name":"wp","href":"https:\/\/api.w.org\/{rel}","templated":true}]}}