{"id":597741,"date":"2025-08-07T12:09:25","date_gmt":"2025-08-07T10:09:25","guid":{"rendered":"https:\/\/lucacastelli.com\/prodotto\/arbortec-yeti-knitted-fleece-lined-jacket-2\/"},"modified":"2025-08-31T00:00:13","modified_gmt":"2025-08-30T22:00:13","slug":"arbortec-yeti-knitted-fleece-lined-jacket-2","status":"publish","type":"product","link":"https:\/\/lucacastelli.com\/fr\/produit\/arbortec-yeti-knitted-fleece-lined-jacket-2\/","title":{"rendered":"Arbortec Yeti Knitted veste doubl\u00e9e en polaire"},"content":{"rendered":"<p>La veste Yeti full-zip en maille 300 g\/m\u00b2 est une sorte d&#8217;hybride entre une veste et un sweat \u00e0 capuche. Cette \u00e9l\u00e9gante veste a une coupe ample et d\u00e9contract\u00e9e, et la doublure en polaire d&#8217;\u00e9paisseur moyenne ajoute une couche de chaleur bienvenue. La capuche douillette avec cordon de serrage est enti\u00e8rement amovible et peut \u00eatre rang\u00e9e dans la grande poche arri\u00e8re si n\u00e9cessaire. Il y a une grande poche sur la poitrine (id\u00e9ale pour un smartphone) avec un port pratique pour les \u00e9couteurs.<br \/>\nCette veste est un v\u00eatement id\u00e9al pour te garder au chaud sur le chantier et en dehors.<br \/>\nRemarque : le prix comprend uniquement l&#8217;ancienne marque.   <\/p>\n","protected":false},"excerpt":{"rendered":"<p>La veste Yeti full-zip en maille 300 g\/m\u00b2 est une sorte d&#8217;hybride entre une veste et un sweat \u00e0 capuche.<\/p>\n","protected":false},"featured_media":597736,"template":"","meta":{"_seopress_robots_primary_cat":"none","_seopress_titles_title":"","_seopress_titles_desc":"","_seopress_robots_index":""},"product_brand":[3613],"product_cat":[81,981,982],"product_tag":[5805],"class_list":{"0":"post-597741","1":"product","2":"type-product","3":"status-publish","4":"has-post-thumbnail","6":"product_brand-arbortec-fr-2","7":"product_cat-vetements","8":"product_cat-vetements-de-loisirs","9":"product_cat-vetements-pour-hommes","10":"product_tag-lucerne2025","11":"sws-gruppo-abb-libero-fr","12":"sws-categoria-sito-fr","13":"sws-conto-ricavi-merci-rivendita-abbigliamento-fr","14":"sws-gruppo-iva-iva81-fr","16":"first","17":"instock","18":"shipping-taxable","19":"purchasable","20":"product-type-variable","21":"has-default-attributes"},"_links":{"self":[{"href":"https:\/\/lucacastelli.com\/fr\/wp-json\/wp\/v2\/product\/597741","targetHints":{"allow":["GET"]}}],"collection":[{"href":"https:\/\/lucacastelli.com\/fr\/wp-json\/wp\/v2\/product"}],"about":[{"href":"https:\/\/lucacastelli.com\/fr\/wp-json\/wp\/v2\/types\/product"}],"wp:featuredmedia":[{"embeddable":true,"href":"https:\/\/lucacastelli.com\/fr\/wp-json\/wp\/v2\/media\/597736"}],"wp:attachment":[{"href":"https:\/\/lucacastelli.com\/fr\/wp-json\/wp\/v2\/media?parent=597741"}],"wp:term":[{"taxonomy":"product_brand","embeddable":true,"href":"https:\/\/lucacastelli.com\/fr\/wp-json\/wp\/v2\/product_brand?post=597741"},{"taxonomy":"product_cat","embeddable":true,"href":"https:\/\/lucacastelli.com\/fr\/wp-json\/wp\/v2\/product_cat?post=597741"},{"taxonomy":"product_tag","embeddable":true,"href":"https:\/\/lucacastelli.com\/fr\/wp-json\/wp\/v2\/product_tag?post=597741"}],"curies":[{"name":"wp","href":"https:\/\/api.w.org\/{rel}","templated":true}]}}