{"id":597388,"date":"2025-08-05T15:28:30","date_gmt":"2025-08-05T13:28:30","guid":{"rendered":"https:\/\/lucacastelli.com\/prodotto\/pfanner-klimaair-forstjacke-en-20471-orange-vif-jaune-neon\/"},"modified":"2026-04-16T01:12:49","modified_gmt":"2026-04-15T23:12:49","slug":"pfanner-klimaair-forstjacke-en-20471-orange-vif-jaune-neon","status":"publish","type":"product","link":"https:\/\/lucacastelli.com\/fr\/produit\/pfanner-klimaair-forstjacke-en-20471-orange-vif-jaune-neon\/","title":{"rendered":"PFANNER KlimaAIR\u00ae Forstjacke EN 20471 orange brillant &#8211; jaune n\u00e9on"},"content":{"rendered":"<p>Depuis des d\u00e9cennies, la Forstjacke KlimaAIR\u00ae est notre produit phare. Les technologies KlimaAIR\u00ae et Stretch-AIR\u00ae garantissent un confort maximal et permettent de la porter toute l&#8217;ann\u00e9e. Les manches amovibles et la ventilation suppl\u00e9mentaire dans le dos assurent un travail sans d\u00e9faillance m\u00eame lors des journ\u00e9es les plus chaudes. Le tissu ext\u00e9rieur hydrofuge et r\u00e9sistant \u00e0 la salet\u00e9 est extr\u00eamement r\u00e9sistant aux d\u00e9chirures et garantit la longue dur\u00e9e de vie de la veste. Le syst\u00e8me de poches brevet\u00e9 Zipp2Zipp\u00ae des deux c\u00f4t\u00e9s offre un espace optimal pour ranger documents et t\u00e9l\u00e9phone portable. Le col haut emp\u00eache l&#8217;entr\u00e9e de branches et de salet\u00e9<br \/>\n&#8211; Technologie StretchAIR\u00ae<br \/>\n&#8211; Technologie KlimaAIR\u00ae<br \/>\n&#8211; Col haut<br \/>\n&#8211; Extr\u00eamement robuste<br \/>\n&#8211; \u00c9paules imperm\u00e9ables<br \/>\n&#8211; R\u00e9sistant \u00e0 l&#8217;eau et \u00e0 la salet\u00e9<br \/>\n&#8211; Syst\u00e8me de poches Zipp2Zipp\u00ae<br \/>\n&#8211; Manches de rechange disponibles s\u00e9par\u00e9ment (art. 107031)     <\/p>\n<p>Mat\u00e9riau :<br \/>\nMat\u00e9riau ext\u00e9rieur : 83 % EME-Lycra, 17 % polyester T-400<br \/>\nTissu extensible : 92 % polyamide, 8 % \u00e9lasthanne<br \/>\nDoublure : 100 % polyester<br \/>\nNormes<br \/>\nEN 20471 \/ Classe 2 (uniquement version orange)<\/p>\n","protected":false},"excerpt":{"rendered":"<p>Depuis des d\u00e9cennies, la Forstjacke KlimaAIR\u00ae est notre produit phare. Les technologies KlimaAIR\u00ae et Stretch-AIR\u00ae garantissent un confort maximal et<\/p>\n","protected":false},"featured_media":593903,"template":"","meta":{"_seopress_robots_primary_cat":"none","_seopress_titles_title":"","_seopress_titles_desc":"","_seopress_robots_index":""},"product_brand":[3669],"product_cat":[81,1381],"product_tag":[],"class_list":{"0":"post-597388","1":"product","2":"type-product","3":"status-publish","4":"has-post-thumbnail","6":"product_brand-pfanner-fr","7":"product_cat-vetements","8":"product_cat-vetements-de-travail","9":"sws-gruppo-no-gruppo-fr","10":"sws-conto-ricavi-merci-rivendita-abbigliamento-fr","11":"sws-gruppo-iva-iva81-fr","13":"first","14":"instock","15":"shipping-taxable","16":"purchasable","17":"product-type-variable","18":"has-default-attributes"},"_links":{"self":[{"href":"https:\/\/lucacastelli.com\/fr\/wp-json\/wp\/v2\/product\/597388","targetHints":{"allow":["GET"]}}],"collection":[{"href":"https:\/\/lucacastelli.com\/fr\/wp-json\/wp\/v2\/product"}],"about":[{"href":"https:\/\/lucacastelli.com\/fr\/wp-json\/wp\/v2\/types\/product"}],"wp:featuredmedia":[{"embeddable":true,"href":"https:\/\/lucacastelli.com\/fr\/wp-json\/wp\/v2\/media\/593903"}],"wp:attachment":[{"href":"https:\/\/lucacastelli.com\/fr\/wp-json\/wp\/v2\/media?parent=597388"}],"wp:term":[{"taxonomy":"product_brand","embeddable":true,"href":"https:\/\/lucacastelli.com\/fr\/wp-json\/wp\/v2\/product_brand?post=597388"},{"taxonomy":"product_cat","embeddable":true,"href":"https:\/\/lucacastelli.com\/fr\/wp-json\/wp\/v2\/product_cat?post=597388"},{"taxonomy":"product_tag","embeddable":true,"href":"https:\/\/lucacastelli.com\/fr\/wp-json\/wp\/v2\/product_tag?post=597388"}],"curies":[{"name":"wp","href":"https:\/\/api.w.org\/{rel}","templated":true}]}}