{"id":597095,"date":"2025-06-01T01:10:11","date_gmt":"2025-05-31T23:10:11","guid":{"rendered":"https:\/\/lucacastelli.com\/prodotto\/stihl-1-4-3-8-p-et-3-8-pmn-d-4-0-x-200-mm\/"},"modified":"2025-06-01T01:10:11","modified_gmt":"2025-05-31T23:10:11","slug":"stihl-1-4-3-8-p-et-3-8-pmn-d-4-0-x-200-mm","status":"publish","type":"product","link":"https:\/\/lucacastelli.com\/fr\/produit\/stihl-1-4-3-8-p-et-3-8-pmn-d-4-0-x-200-mm\/","title":{"rendered":"STIHL 1\/4&#8243;, 3\/8 &#8220;P et 3\/8&#8221;-PMN, D 4.0 x 200 mm"},"content":{"rendered":"<p>Valable pour les mod\u00e8les 1\/4&#8243;, 1\/4&#8243; P, 3\/8&#8243;-PM et 3\/8&#8243;-PMN de diff\u00e9rents diam\u00e8tres. \u00c9galement pour les cha\u00eenes de 325&#8243; (4,8 x 200 mm), 3\/8&#8243; (5,2 x 200 mm) et 404&#8243; (5,5 x 200 mm). Paquet de 6 unit\u00e9s.<br \/>\n795711105921  <\/p>\n","protected":false},"excerpt":{"rendered":"<p>1\/4&#8243;, 3\/8 &#8220;P et 3\/8&#8221;-PMN, D 4.0 x 200 mm<\/p>\n","protected":false},"featured_media":453614,"template":"","meta":{"_seopress_robots_primary_cat":"","_seopress_titles_title":"","_seopress_titles_desc":"","_seopress_robots_index":""},"product_brand":[3366],"product_cat":[21],"product_tag":[3265],"class_list":{"0":"post-597095","1":"product","2":"type-product","3":"status-publish","4":"has-post-thumbnail","6":"product_brand-stihl","7":"product_cat-abbigliamento","8":"product_tag-import-stihl","9":"sws-gruppo-iva-iva81-fr","11":"first","12":"onbackorder","13":"purchasable","14":"product-type-simple"},"_links":{"self":[{"href":"https:\/\/lucacastelli.com\/fr\/wp-json\/wp\/v2\/product\/597095","targetHints":{"allow":["GET"]}}],"collection":[{"href":"https:\/\/lucacastelli.com\/fr\/wp-json\/wp\/v2\/product"}],"about":[{"href":"https:\/\/lucacastelli.com\/fr\/wp-json\/wp\/v2\/types\/product"}],"wp:featuredmedia":[{"embeddable":true,"href":"https:\/\/lucacastelli.com\/fr\/wp-json\/wp\/v2\/media\/453614"}],"wp:attachment":[{"href":"https:\/\/lucacastelli.com\/fr\/wp-json\/wp\/v2\/media?parent=597095"}],"wp:term":[{"taxonomy":"product_brand","embeddable":true,"href":"https:\/\/lucacastelli.com\/fr\/wp-json\/wp\/v2\/product_brand?post=597095"},{"taxonomy":"product_cat","embeddable":true,"href":"https:\/\/lucacastelli.com\/fr\/wp-json\/wp\/v2\/product_cat?post=597095"},{"taxonomy":"product_tag","embeddable":true,"href":"https:\/\/lucacastelli.com\/fr\/wp-json\/wp\/v2\/product_tag?post=597095"}],"curies":[{"name":"wp","href":"https:\/\/api.w.org\/{rel}","templated":true}]}}