{"id":597085,"date":"2025-06-01T00:23:01","date_gmt":"2025-05-31T22:23:01","guid":{"rendered":"https:\/\/lucacastelli.com\/prodotto\/stihl-3-8-rapid-micro-3-rm3-37-cm\/"},"modified":"2025-06-01T00:23:01","modified_gmt":"2025-05-31T22:23:01","slug":"stihl-3-8-rapid-micro-3-rm3-37-cm","status":"publish","type":"product","link":"https:\/\/lucacastelli.com\/fr\/produit\/stihl-3-8-rapid-micro-3-rm3-37-cm\/","title":{"rendered":"STIHL 3\/8&#8243; Rapid Micro 3 (RM3), 37 cm"},"content":{"rendered":"<p>Cha\u00eene confort \u00e0 faible rebond avec peu de vibrations, coupe douce et faible tendance \u00e0 sauter.<br \/>\n795711395940<\/p>\n<p>Pas de la cha\u00eene 9,32 mm\/3\/8&#8243;<br \/>\n\u00c9paisseur du maillon de guidage<\/p>\n<p>Longueur de la barre<\/p>\n","protected":false},"excerpt":{"rendered":"<p>3\/8&#8243; Rapid Micro 3 (RM3), 37 cm<\/p>\n","protected":false},"featured_media":453733,"template":"","meta":{"_seopress_robots_primary_cat":"","_seopress_titles_title":"","_seopress_titles_desc":"","_seopress_robots_index":""},"product_brand":[3366],"product_cat":[29,268,504],"product_tag":[3265],"class_list":{"0":"post-597085","1":"product","2":"type-product","3":"status-publish","4":"has-post-thumbnail","6":"product_brand-stihl","7":"product_cat-macchinari","8":"product_cat-motoseghe","9":"product_cat-catene-e-rotoli","10":"product_tag-import-stihl","11":"sws-gruppo-macchinari-fr","12":"sws-conto-ricavi-merci-rivendita-macchinari-fr","13":"sws-gruppo-iva-iva81-fr","15":"first","16":"onbackorder","17":"purchasable","18":"product-type-simple"},"_links":{"self":[{"href":"https:\/\/lucacastelli.com\/fr\/wp-json\/wp\/v2\/product\/597085","targetHints":{"allow":["GET"]}}],"collection":[{"href":"https:\/\/lucacastelli.com\/fr\/wp-json\/wp\/v2\/product"}],"about":[{"href":"https:\/\/lucacastelli.com\/fr\/wp-json\/wp\/v2\/types\/product"}],"wp:featuredmedia":[{"embeddable":true,"href":"https:\/\/lucacastelli.com\/fr\/wp-json\/wp\/v2\/media\/453733"}],"wp:attachment":[{"href":"https:\/\/lucacastelli.com\/fr\/wp-json\/wp\/v2\/media?parent=597085"}],"wp:term":[{"taxonomy":"product_brand","embeddable":true,"href":"https:\/\/lucacastelli.com\/fr\/wp-json\/wp\/v2\/product_brand?post=597085"},{"taxonomy":"product_cat","embeddable":true,"href":"https:\/\/lucacastelli.com\/fr\/wp-json\/wp\/v2\/product_cat?post=597085"},{"taxonomy":"product_tag","embeddable":true,"href":"https:\/\/lucacastelli.com\/fr\/wp-json\/wp\/v2\/product_tag?post=597085"}],"curies":[{"name":"wp","href":"https:\/\/api.w.org\/{rel}","templated":true}]}}