{"id":597064,"date":"2025-06-01T00:22:09","date_gmt":"2025-05-31T22:22:09","guid":{"rendered":"https:\/\/lucacastelli.com\/prodotto\/stihl-1-4-rapid-micro-spezial-rms-30-cm\/"},"modified":"2025-06-01T00:22:09","modified_gmt":"2025-05-31T22:22:09","slug":"stihl-1-4-rapid-micro-spezial-rms-30-cm","status":"publish","type":"product","link":"https:\/\/lucacastelli.com\/fr\/produit\/stihl-1-4-rapid-micro-spezial-rms-30-cm\/","title":{"rendered":"STIHL 1\/4&#8243; Rapid Micro Spezial (RMS), 30 cm"},"content":{"rendered":"<p>Cha\u00eene confort \u00e0 faibles vibrations avec d&#8217;excellentes performances de coupe. Gr\u00e2ce \u00e0 la t\u00eate de dent raccourcie, il n&#8217;est plus n\u00e9cessaire d&#8217;exercer une forte pression pour travailler \u00e0 la pointe. Permet des vitesses de p\u00e9n\u00e9tration beaucoup plus \u00e9lev\u00e9es que la cha\u00eene 1\/4&#8243; habituelle.<br \/>\n795711384203  <\/p>\n<p>Pas de la cha\u00eene 6.35mm\/1\/4&#8243;<br \/>\nEpaisseur du maillon de guidage<\/p>\n<p>Longueur de la barre Longueur de la barre<\/p>\n","protected":false},"excerpt":{"rendered":"<p>1\/4&#8243; Rapid Micro Spezial (RMS), 30 cm<\/p>\n","protected":false},"featured_media":453609,"template":"","meta":{"_seopress_robots_primary_cat":"","_seopress_titles_title":"","_seopress_titles_desc":"","_seopress_robots_index":""},"product_brand":[3555],"product_cat":[1607,167,1604],"product_tag":[3267],"class_list":{"0":"post-597064","1":"product","2":"type-product","3":"status-publish","4":"has-post-thumbnail","6":"product_brand-stihl-fr","7":"product_cat-chaines-et-enrouleurs","8":"product_cat-machines","9":"product_cat-tronconneuses","10":"product_tag-import-stihl-fr","11":"sws-gruppo-macchinari-fr","12":"sws-conto-ricavi-merci-rivendita-macchinari-fr","13":"sws-gruppo-iva-iva81-fr","15":"first","16":"onbackorder","17":"purchasable","18":"product-type-simple"},"_links":{"self":[{"href":"https:\/\/lucacastelli.com\/fr\/wp-json\/wp\/v2\/product\/597064","targetHints":{"allow":["GET"]}}],"collection":[{"href":"https:\/\/lucacastelli.com\/fr\/wp-json\/wp\/v2\/product"}],"about":[{"href":"https:\/\/lucacastelli.com\/fr\/wp-json\/wp\/v2\/types\/product"}],"wp:featuredmedia":[{"embeddable":true,"href":"https:\/\/lucacastelli.com\/fr\/wp-json\/wp\/v2\/media\/453609"}],"wp:attachment":[{"href":"https:\/\/lucacastelli.com\/fr\/wp-json\/wp\/v2\/media?parent=597064"}],"wp:term":[{"taxonomy":"product_brand","embeddable":true,"href":"https:\/\/lucacastelli.com\/fr\/wp-json\/wp\/v2\/product_brand?post=597064"},{"taxonomy":"product_cat","embeddable":true,"href":"https:\/\/lucacastelli.com\/fr\/wp-json\/wp\/v2\/product_cat?post=597064"},{"taxonomy":"product_tag","embeddable":true,"href":"https:\/\/lucacastelli.com\/fr\/wp-json\/wp\/v2\/product_tag?post=597064"}],"curies":[{"name":"wp","href":"https:\/\/api.w.org\/{rel}","templated":true}]}}