{"id":597055,"date":"2025-06-01T00:20:49","date_gmt":"2025-05-31T22:20:49","guid":{"rendered":"https:\/\/lucacastelli.com\/prodotto\/stihl-1-4-p-peak-micro-3-pm3-30-cm\/"},"modified":"2025-06-01T00:20:49","modified_gmt":"2025-05-31T22:20:49","slug":"stihl-1-4-p-peak-micro-3-pm3-30-cm","status":"publish","type":"product","link":"https:\/\/lucacastelli.com\/fr\/produit\/stihl-1-4-p-peak-micro-3-pm3-30-cm\/","title":{"rendered":"STIHL 1\/4&#8243; P Peak Micro 3 (PM3), 30 cm"},"content":{"rendered":"<p>Nouveau et exclusif \u00e0 STIHL : la cha\u00eene Picco Micro 3 (PM3) de 1\/4&#8243;. Cette cha\u00eene \u00e0 faible rebond et \u00e0 faibles vibrations est sp\u00e9cialement con\u00e7ue pour les Tron\u00e7onneuses l\u00e9g\u00e8res et compactes. Elle combine des performances de coupe \u00e9lev\u00e9es avec une grande qualit\u00e9 de coupe et un grand confort de travail. Ceci est rendu possible par la conception plate et \u00e9troite en combinaison avec de petits pas de cha\u00eene.<br \/>\n795711690953   <\/p>\n<p>Pas de la cha\u00eene 6.35mm\/1\/4 &#8220;P<br \/>\nEpaisseur du maillon de guidage<\/p>\n<p>Longueur de la barre Longueur de la barre<\/p>\n","protected":false},"excerpt":{"rendered":"<p>1\/4&#8243; P Peak Micro 3 (PM3), 30 cm<\/p>\n","protected":false},"featured_media":429860,"template":"","meta":{"_seopress_robots_primary_cat":"","_seopress_titles_title":"","_seopress_titles_desc":"","_seopress_robots_index":""},"product_brand":[3366],"product_cat":[29,268,504],"product_tag":[3265],"class_list":{"0":"post-597055","1":"product","2":"type-product","3":"status-publish","4":"has-post-thumbnail","6":"product_brand-stihl","7":"product_cat-macchinari","8":"product_cat-motoseghe","9":"product_cat-catene-e-rotoli","10":"product_tag-import-stihl","11":"sws-gruppo-macchinari-fr","12":"sws-conto-ricavi-merci-rivendita-macchinari-fr","13":"sws-gruppo-iva-iva81-fr","15":"first","16":"onbackorder","17":"purchasable","18":"product-type-simple"},"_links":{"self":[{"href":"https:\/\/lucacastelli.com\/fr\/wp-json\/wp\/v2\/product\/597055","targetHints":{"allow":["GET"]}}],"collection":[{"href":"https:\/\/lucacastelli.com\/fr\/wp-json\/wp\/v2\/product"}],"about":[{"href":"https:\/\/lucacastelli.com\/fr\/wp-json\/wp\/v2\/types\/product"}],"wp:featuredmedia":[{"embeddable":true,"href":"https:\/\/lucacastelli.com\/fr\/wp-json\/wp\/v2\/media\/429860"}],"wp:attachment":[{"href":"https:\/\/lucacastelli.com\/fr\/wp-json\/wp\/v2\/media?parent=597055"}],"wp:term":[{"taxonomy":"product_brand","embeddable":true,"href":"https:\/\/lucacastelli.com\/fr\/wp-json\/wp\/v2\/product_brand?post=597055"},{"taxonomy":"product_cat","embeddable":true,"href":"https:\/\/lucacastelli.com\/fr\/wp-json\/wp\/v2\/product_cat?post=597055"},{"taxonomy":"product_tag","embeddable":true,"href":"https:\/\/lucacastelli.com\/fr\/wp-json\/wp\/v2\/product_tag?post=597055"}],"curies":[{"name":"wp","href":"https:\/\/api.w.org\/{rel}","templated":true}]}}