{"id":597037,"date":"2025-06-01T00:20:22","date_gmt":"2025-05-31T22:20:22","guid":{"rendered":"https:\/\/lucacastelli.com\/prodotto\/stihl-404-rapid-micro-rm-63-cm\/"},"modified":"2025-06-01T00:20:22","modified_gmt":"2025-05-31T22:20:22","slug":"stihl-404-rapid-micro-rm-63-cm","status":"publish","type":"product","link":"https:\/\/lucacastelli.com\/fr\/produit\/stihl-404-rapid-micro-rm-63-cm\/","title":{"rendered":"STIHL .404&#8243; Rapid Micro (RM), 63 cm"},"content":{"rendered":"<p>La cha\u00eene universelle id\u00e9ale pour les travaux dans l&#8217;agriculture, la sylviculture et la construction. Caract\u00e9ristiques de stabilit\u00e9 particuli\u00e8rement bonnes et performances de coupe \u00e9lev\u00e9es. Facile \u00e0 r\u00e9aff\u00fbter. Accepte les petites erreurs d&#8217;aff\u00fbtage.<br \/>\n795711825430   <\/p>\n<p>Pas de la cha\u00eene 10.26mm\/.404&#8243;<br \/>\nEpaisseur du maillon de guidage<\/p>\n<p>Longueur de la barre Longueur de la barre<\/p>\n","protected":false},"excerpt":{"rendered":"<p>.404&#8243; Rapid Micro (RM), 63 cm<\/p>\n","protected":false},"featured_media":453604,"template":"","meta":{"_seopress_robots_primary_cat":"","_seopress_titles_title":"","_seopress_titles_desc":"","_seopress_robots_index":""},"product_brand":[3366],"product_cat":[29,268,504],"product_tag":[3265],"class_list":{"0":"post-597037","1":"product","2":"type-product","3":"status-publish","4":"has-post-thumbnail","6":"product_brand-stihl","7":"product_cat-macchinari","8":"product_cat-motoseghe","9":"product_cat-catene-e-rotoli","10":"product_tag-import-stihl","11":"sws-gruppo-macchinari-fr","12":"sws-conto-ricavi-merci-rivendita-macchinari-fr","13":"sws-gruppo-iva-iva81-fr","15":"first","16":"onbackorder","17":"purchasable","18":"product-type-simple"},"_links":{"self":[{"href":"https:\/\/lucacastelli.com\/fr\/wp-json\/wp\/v2\/product\/597037","targetHints":{"allow":["GET"]}}],"collection":[{"href":"https:\/\/lucacastelli.com\/fr\/wp-json\/wp\/v2\/product"}],"about":[{"href":"https:\/\/lucacastelli.com\/fr\/wp-json\/wp\/v2\/types\/product"}],"wp:featuredmedia":[{"embeddable":true,"href":"https:\/\/lucacastelli.com\/fr\/wp-json\/wp\/v2\/media\/453604"}],"wp:attachment":[{"href":"https:\/\/lucacastelli.com\/fr\/wp-json\/wp\/v2\/media?parent=597037"}],"wp:term":[{"taxonomy":"product_brand","embeddable":true,"href":"https:\/\/lucacastelli.com\/fr\/wp-json\/wp\/v2\/product_brand?post=597037"},{"taxonomy":"product_cat","embeddable":true,"href":"https:\/\/lucacastelli.com\/fr\/wp-json\/wp\/v2\/product_cat?post=597037"},{"taxonomy":"product_tag","embeddable":true,"href":"https:\/\/lucacastelli.com\/fr\/wp-json\/wp\/v2\/product_tag?post=597037"}],"curies":[{"name":"wp","href":"https:\/\/api.w.org\/{rel}","templated":true}]}}