{"id":597033,"date":"2025-06-01T00:19:50","date_gmt":"2025-05-31T22:19:50","guid":{"rendered":"https:\/\/lucacastelli.com\/prodotto\/stihl-3-8-rapid-duro-rd3-50-cm\/"},"modified":"2025-06-01T00:19:50","modified_gmt":"2025-05-31T22:19:50","slug":"stihl-3-8-rapid-duro-rd3-50-cm","status":"publish","type":"product","link":"https:\/\/lucacastelli.com\/fr\/produit\/stihl-3-8-rapid-duro-rd3-50-cm\/","title":{"rendered":"STIHL 3\/8&#8243; Rapid Duro (RD3), 50 cm"},"content":{"rendered":"<p>Cha\u00eene en carbure sp\u00e9ciale pour les sollicitations extr\u00eames, par exemple la coupe de bois sale ou les travaux de d\u00e9molition. Lors de la coupe de bois en pr\u00e9sence de sable, elle atteint une dur\u00e9e de vie environ dix fois plus longue avec une performance de coupe pratiquement \u00e9gale.<br \/>\n886661003822 <\/p>\n<p>Pas de la cha\u00eene 9.32mm\/3\/8&#8243;<br \/>\nEpaisseur du maillon de guidage<\/p>\n<p>Longueur de la barre Longueur de la barre<\/p>\n","protected":false},"excerpt":{"rendered":"<p>3\/8&#8243; Rapid Duro (RD3), 50 cm<\/p>\n","protected":false},"featured_media":429833,"template":"","meta":{"_seopress_robots_primary_cat":"","_seopress_titles_title":"","_seopress_titles_desc":"","_seopress_robots_index":""},"product_brand":[3366],"product_cat":[21],"product_tag":[3265],"class_list":{"0":"post-597033","1":"product","2":"type-product","3":"status-publish","4":"has-post-thumbnail","6":"product_brand-stihl","7":"product_cat-abbigliamento","8":"product_tag-import-stihl","9":"sws-gruppo-macchinari-fr","10":"sws-conto-ricavi-merci-rivendita-macchinari-fr","11":"sws-gruppo-iva-iva81-fr","13":"first","14":"onbackorder","15":"purchasable","16":"product-type-simple"},"_links":{"self":[{"href":"https:\/\/lucacastelli.com\/fr\/wp-json\/wp\/v2\/product\/597033","targetHints":{"allow":["GET"]}}],"collection":[{"href":"https:\/\/lucacastelli.com\/fr\/wp-json\/wp\/v2\/product"}],"about":[{"href":"https:\/\/lucacastelli.com\/fr\/wp-json\/wp\/v2\/types\/product"}],"wp:featuredmedia":[{"embeddable":true,"href":"https:\/\/lucacastelli.com\/fr\/wp-json\/wp\/v2\/media\/429833"}],"wp:attachment":[{"href":"https:\/\/lucacastelli.com\/fr\/wp-json\/wp\/v2\/media?parent=597033"}],"wp:term":[{"taxonomy":"product_brand","embeddable":true,"href":"https:\/\/lucacastelli.com\/fr\/wp-json\/wp\/v2\/product_brand?post=597033"},{"taxonomy":"product_cat","embeddable":true,"href":"https:\/\/lucacastelli.com\/fr\/wp-json\/wp\/v2\/product_cat?post=597033"},{"taxonomy":"product_tag","embeddable":true,"href":"https:\/\/lucacastelli.com\/fr\/wp-json\/wp\/v2\/product_tag?post=597033"}],"curies":[{"name":"wp","href":"https:\/\/api.w.org\/{rel}","templated":true}]}}