{"id":597006,"date":"2025-06-01T00:19:04","date_gmt":"2025-05-31T22:19:04","guid":{"rendered":"https:\/\/lucacastelli.com\/prodotto\/stihl-325-rapid-duro-3-rd3-40-cm\/"},"modified":"2025-06-01T00:19:04","modified_gmt":"2025-05-31T22:19:04","slug":"stihl-325-rapid-duro-3-rd3-40-cm","status":"publish","type":"product","link":"https:\/\/lucacastelli.com\/fr\/produit\/stihl-325-rapid-duro-3-rd3-40-cm\/","title":{"rendered":"STIHL 325&#8243; Rapid Duro 3 (RD3), 40 cm"},"content":{"rendered":"<p>La premi\u00e8re cha\u00eene STIHL de 0,325&#8243; avec des lames au carbure. Faible tendance au rebond, peu de vibrations. Reste aff\u00fbt\u00e9e sans r\u00e9aff\u00fbtage, jusqu&#8217;\u00e0 dix fois plus longtemps que les cha\u00eenes standard. Rapid Duro 3 offre ainsi une performance de coupe \u00e9lev\u00e9e m\u00eame en cas de sollicitation extr\u00eame. Cha\u00eene id\u00e9ale pour le jardinage et l&#8217;am\u00e9nagement paysager.<br \/>\n795711824181    <\/p>\n<p>Pas de la cha\u00eene 8.25mm\/.325&#8243;<br \/>\nEpaisseur du maillon de guidage<\/p>\n<p>Longueur de la barre Longueur de la barre<\/p>\n","protected":false},"excerpt":{"rendered":"<p>325&#8243;, Rapid Duro 3 (RD3), 40 cm<\/p>\n","protected":false},"featured_media":453753,"template":"","meta":{"_seopress_robots_primary_cat":"","_seopress_titles_title":"","_seopress_titles_desc":"","_seopress_robots_index":""},"product_brand":[3366],"product_cat":[29,268,504],"product_tag":[3265],"class_list":{"0":"post-597006","1":"product","2":"type-product","3":"status-publish","4":"has-post-thumbnail","6":"product_brand-stihl","7":"product_cat-macchinari","8":"product_cat-motoseghe","9":"product_cat-catene-e-rotoli","10":"product_tag-import-stihl","11":"sws-gruppo-macchinari-fr","12":"sws-conto-ricavi-merci-rivendita-macchinari-fr","13":"sws-gruppo-iva-iva81-fr","15":"first","16":"onbackorder","17":"purchasable","18":"product-type-simple"},"_links":{"self":[{"href":"https:\/\/lucacastelli.com\/fr\/wp-json\/wp\/v2\/product\/597006","targetHints":{"allow":["GET"]}}],"collection":[{"href":"https:\/\/lucacastelli.com\/fr\/wp-json\/wp\/v2\/product"}],"about":[{"href":"https:\/\/lucacastelli.com\/fr\/wp-json\/wp\/v2\/types\/product"}],"wp:featuredmedia":[{"embeddable":true,"href":"https:\/\/lucacastelli.com\/fr\/wp-json\/wp\/v2\/media\/453753"}],"wp:attachment":[{"href":"https:\/\/lucacastelli.com\/fr\/wp-json\/wp\/v2\/media?parent=597006"}],"wp:term":[{"taxonomy":"product_brand","embeddable":true,"href":"https:\/\/lucacastelli.com\/fr\/wp-json\/wp\/v2\/product_brand?post=597006"},{"taxonomy":"product_cat","embeddable":true,"href":"https:\/\/lucacastelli.com\/fr\/wp-json\/wp\/v2\/product_cat?post=597006"},{"taxonomy":"product_tag","embeddable":true,"href":"https:\/\/lucacastelli.com\/fr\/wp-json\/wp\/v2\/product_tag?post=597006"}],"curies":[{"name":"wp","href":"https:\/\/api.w.org\/{rel}","templated":true}]}}