{"id":597003,"date":"2025-06-01T00:04:37","date_gmt":"2025-05-31T22:04:37","guid":{"rendered":"https:\/\/lucacastelli.com\/prodotto\/rollomatic-g\/"},"modified":"2025-12-01T14:46:06","modified_gmt":"2025-12-01T13:46:06","slug":"rollomatic-g","status":"publish","type":"product","link":"https:\/\/lucacastelli.com\/fr\/produit\/rollomatic-g\/","title":{"rendered":"Rollomatic G"},"content":{"rendered":"<p>\u00c9quip\u00e9 d&#8217;un syst\u00e8me d&#8217;alimentation en eau dans le guide et \u00e9galement dans l&#8217;\u00e9toile de d\u00e9viation. Sp\u00e9cialement con\u00e7u pour la GS 461, guide avec un deuxi\u00e8me al\u00e9sage pour \u00e9tendre la plage de tension, guide-cha\u00eene tremp\u00e9.<br \/>\n795711896164 <\/p>\n<p>Longueur de la barre 40cm\/16&#8243;<br \/>\nLargeur de la rainure<\/p>\n<p>Pas de l&#8217;\u00e9toile index\u00e9e Pas de l&#8217;\u00e9toile index\u00e9e<br \/>\nNum\u00e9ro de l&#8217;\u00e9toile index\u00e9e 14<\/p>\n","protected":false},"excerpt":{"rendered":"<p>Rollomatic G<\/p>\n","protected":false},"featured_media":469084,"template":"","meta":{"_seopress_robots_primary_cat":"","_seopress_titles_title":"","_seopress_titles_desc":"","_seopress_robots_index":""},"product_brand":[3366],"product_cat":[29,268,524],"product_tag":[3265],"class_list":{"0":"post-597003","1":"product","2":"type-product","3":"status-publish","4":"has-post-thumbnail","6":"product_brand-stihl","7":"product_cat-macchinari","8":"product_cat-motoseghe","9":"product_cat-spranghe-guida","10":"product_tag-import-stihl","11":"sws-gruppo-macchinari-fr","12":"sws-conto-ricavi-merci-rivendita-macchinari-fr","13":"sws-gruppo-iva-iva81-fr","15":"first","16":"onbackorder","17":"purchasable","18":"product-type-simple"},"_links":{"self":[{"href":"https:\/\/lucacastelli.com\/fr\/wp-json\/wp\/v2\/product\/597003","targetHints":{"allow":["GET"]}}],"collection":[{"href":"https:\/\/lucacastelli.com\/fr\/wp-json\/wp\/v2\/product"}],"about":[{"href":"https:\/\/lucacastelli.com\/fr\/wp-json\/wp\/v2\/types\/product"}],"wp:featuredmedia":[{"embeddable":true,"href":"https:\/\/lucacastelli.com\/fr\/wp-json\/wp\/v2\/media\/469084"}],"wp:attachment":[{"href":"https:\/\/lucacastelli.com\/fr\/wp-json\/wp\/v2\/media?parent=597003"}],"wp:term":[{"taxonomy":"product_brand","embeddable":true,"href":"https:\/\/lucacastelli.com\/fr\/wp-json\/wp\/v2\/product_brand?post=597003"},{"taxonomy":"product_cat","embeddable":true,"href":"https:\/\/lucacastelli.com\/fr\/wp-json\/wp\/v2\/product_cat?post=597003"},{"taxonomy":"product_tag","embeddable":true,"href":"https:\/\/lucacastelli.com\/fr\/wp-json\/wp\/v2\/product_tag?post=597003"}],"curies":[{"name":"wp","href":"https:\/\/api.w.org\/{rel}","templated":true}]}}