{"id":596999,"date":"2025-06-01T00:04:43","date_gmt":"2025-05-31T22:04:43","guid":{"rendered":"https:\/\/lucacastelli.com\/prodotto\/rollomatic-g-45-cm-pour-36-ggm\/"},"modified":"2025-12-01T14:46:05","modified_gmt":"2025-12-01T13:46:05","slug":"rollomatic-g-45-cm-pour-36-ggm","status":"publish","type":"product","link":"https:\/\/lucacastelli.com\/fr\/produit\/rollomatic-g-45-cm-pour-36-ggm\/","title":{"rendered":"Rollomatic G, 45 cm, pour 36 GGM"},"content":{"rendered":"<p>\u00c9quip\u00e9 d&#8217;un syst\u00e8me d&#8217;alimentation en eau dans le guide et \u00e9galement dans l&#8217;\u00e9toile de d\u00e9viation. Sp\u00e9cialement con\u00e7u pour la GS 461, guide avec un deuxi\u00e8me al\u00e9sage pour \u00e9tendre la plage de tension, guide-cha\u00eene tremp\u00e9.<br \/>\n886661336456 <\/p>\n<p>Longueur de la barre 45cm\/18&#8243;<br \/>\nLargeur de la rainure<\/p>\n<p>Pas de l&#8217;\u00e9toile index\u00e9e Pas de l&#8217;\u00e9toile index\u00e9e<br \/>\nNum\u00e9ro de l&#8217;\u00e9toile index\u00e9e 14<\/p>\n","protected":false},"excerpt":{"rendered":"<p>Rollomatic G, 45 cm, pour 36 GGM<\/p>\n","protected":false},"featured_media":482253,"template":"","meta":{"_seopress_robots_primary_cat":"","_seopress_titles_title":"","_seopress_titles_desc":"","_seopress_robots_index":""},"product_brand":[3555],"product_cat":[1689,167,1687],"product_tag":[3267],"class_list":{"0":"post-596999","1":"product","2":"type-product","3":"status-publish","4":"has-post-thumbnail","6":"product_brand-stihl-fr","7":"product_cat-coupe-bordures-et-elagueurs","8":"product_cat-machines","9":"product_cat-tondeuses-electriques","10":"product_tag-import-stihl-fr","11":"sws-gruppo-macchinari-fr","12":"sws-conto-ricavi-merci-rivendita-macchinari-fr","13":"sws-gruppo-iva-iva81-fr","15":"first","16":"onbackorder","17":"purchasable","18":"product-type-simple"},"_links":{"self":[{"href":"https:\/\/lucacastelli.com\/fr\/wp-json\/wp\/v2\/product\/596999","targetHints":{"allow":["GET"]}}],"collection":[{"href":"https:\/\/lucacastelli.com\/fr\/wp-json\/wp\/v2\/product"}],"about":[{"href":"https:\/\/lucacastelli.com\/fr\/wp-json\/wp\/v2\/types\/product"}],"wp:featuredmedia":[{"embeddable":true,"href":"https:\/\/lucacastelli.com\/fr\/wp-json\/wp\/v2\/media\/482253"}],"wp:attachment":[{"href":"https:\/\/lucacastelli.com\/fr\/wp-json\/wp\/v2\/media?parent=596999"}],"wp:term":[{"taxonomy":"product_brand","embeddable":true,"href":"https:\/\/lucacastelli.com\/fr\/wp-json\/wp\/v2\/product_brand?post=596999"},{"taxonomy":"product_cat","embeddable":true,"href":"https:\/\/lucacastelli.com\/fr\/wp-json\/wp\/v2\/product_cat?post=596999"},{"taxonomy":"product_tag","embeddable":true,"href":"https:\/\/lucacastelli.com\/fr\/wp-json\/wp\/v2\/product_tag?post=596999"}],"curies":[{"name":"wp","href":"https:\/\/api.w.org\/{rel}","templated":true}]}}