{"id":596996,"date":"2025-06-01T00:03:14","date_gmt":"2025-05-31T22:03:14","guid":{"rendered":"https:\/\/lucacastelli.com\/prodotto\/stihl-rollomatic-e-mini-light-35-cm-1-1-3-8-peak\/"},"modified":"2025-08-12T13:58:29","modified_gmt":"2025-08-12T11:58:29","slug":"stihl-rollomatic-e-mini-light-35-cm-1-1-3-8-peak","status":"publish","type":"product","link":"https:\/\/lucacastelli.com\/fr\/produit\/stihl-rollomatic-e-mini-light-35-cm-1-1-3-8-peak\/","title":{"rendered":"STIHL Rollomatic E Mini Light, 35 cm 1.1 3\/8&#8243; Peak"},"content":{"rendered":"<p>Barre l\u00e9g\u00e8re pour les tron\u00e7onneuses et les \u00e9lagueuses l\u00e9g\u00e8res. Par rapport aux barres conventionnelles du m\u00eame type, elle offre une r\u00e9duction de poids avantageuse allant jusqu&#8217;\u00e0 25 % (\u00e0 35 cm de longueur). Pour faciliter le travail avec les \u00e9lagueurs ou lors de la r\u00e9colte de bois tendre. Disponible en longueurs de 25, 30 et 35 cm.<br \/>\n795711380090   <\/p>\n<p>Pas de l&#8217;engrenage conique 9.32mm\/3\/8 &#8220;P<br \/>\nLargeur de la gorge<\/p>\n<p>Raccordement de la barre de guidage Raccordement de la barre de guidage<br \/>\nNombre d&#8217;\u00e9toiles de d\u00e9viation 7<br \/>\nLongueur de la barre de guidage 35cm\/14&#8221;<\/p>\n","protected":false},"excerpt":{"rendered":"<p>Rollomatic E Mini Light, 35 cm 1.1 3\/8&#8243; Peak<\/p>\n","protected":false},"featured_media":429534,"template":"","meta":{"_seopress_robots_primary_cat":"","_seopress_titles_title":"","_seopress_titles_desc":"","_seopress_robots_index":""},"product_brand":[3366],"product_cat":[29,268,524],"product_tag":[3265],"class_list":{"0":"post-596996","1":"product","2":"type-product","3":"status-publish","4":"has-post-thumbnail","6":"product_brand-stihl","7":"product_cat-macchinari","8":"product_cat-motoseghe","9":"product_cat-spranghe-guida","10":"product_tag-import-stihl","11":"sws-gruppo-macchinari-fr","12":"sws-conto-ricavi-merci-rivendita-macchinari-fr","13":"sws-gruppo-iva-iva81-fr","15":"first","16":"onbackorder","17":"purchasable","18":"product-type-simple"},"_links":{"self":[{"href":"https:\/\/lucacastelli.com\/fr\/wp-json\/wp\/v2\/product\/596996","targetHints":{"allow":["GET"]}}],"collection":[{"href":"https:\/\/lucacastelli.com\/fr\/wp-json\/wp\/v2\/product"}],"about":[{"href":"https:\/\/lucacastelli.com\/fr\/wp-json\/wp\/v2\/types\/product"}],"wp:featuredmedia":[{"embeddable":true,"href":"https:\/\/lucacastelli.com\/fr\/wp-json\/wp\/v2\/media\/429534"}],"wp:attachment":[{"href":"https:\/\/lucacastelli.com\/fr\/wp-json\/wp\/v2\/media?parent=596996"}],"wp:term":[{"taxonomy":"product_brand","embeddable":true,"href":"https:\/\/lucacastelli.com\/fr\/wp-json\/wp\/v2\/product_brand?post=596996"},{"taxonomy":"product_cat","embeddable":true,"href":"https:\/\/lucacastelli.com\/fr\/wp-json\/wp\/v2\/product_cat?post=596996"},{"taxonomy":"product_tag","embeddable":true,"href":"https:\/\/lucacastelli.com\/fr\/wp-json\/wp\/v2\/product_tag?post=596996"}],"curies":[{"name":"wp","href":"https:\/\/api.w.org\/{rel}","templated":true}]}}