{"id":596994,"date":"2025-06-01T00:02:55","date_gmt":"2025-05-31T22:02:55","guid":{"rendered":"https:\/\/lucacastelli.com\/prodotto\/stihl-rollomatic-e-light-40cm-1-3-3-8-peak\/"},"modified":"2025-08-12T13:58:23","modified_gmt":"2025-08-12T11:58:23","slug":"stihl-rollomatic-e-light-40cm-1-3-3-8-peak","status":"publish","type":"product","link":"https:\/\/lucacastelli.com\/fr\/produit\/stihl-rollomatic-e-light-40cm-1-3-3-8-peak\/","title":{"rendered":"STIHL Rollomatic E Light, 40cm 1.3 3\/8&#8243; Peak"},"content":{"rendered":"<p>Le corps de cette barre l\u00e9g\u00e8re se compose de trois plaques d&#8217;acier \u00e9lectrosoud\u00e9es et en grande partie creuses. Les parties creuses sont inject\u00e9es avec du polyamide renforc\u00e9 de fibres de verre. R\u00e9sultat : une r\u00e9duction de poids de 30 %.<br \/>\n795711339258  <\/p>\n<p>Pas de l&#8217;engrenage conique 9.32mm\/3\/8 &#8220;P<br \/>\nLargeur de la gorge<\/p>\n<p>Raccordement de la barre de guidage Raccordement de la barre de guidage<br \/>\nNombre d&#8217;\u00e9toiles de d\u00e9viation 9<br \/>\nLongueur de la barre de guidage 40cm\/16&#8221;<\/p>\n","protected":false},"excerpt":{"rendered":"<p>Rollomatic E Light, 40cm 1.3 3\/8&#8243; Peak<\/p>\n","protected":false},"featured_media":429510,"template":"","meta":{"_seopress_robots_primary_cat":"","_seopress_titles_title":"","_seopress_titles_desc":"","_seopress_robots_index":""},"product_brand":[3366],"product_cat":[29,268,524],"product_tag":[3265],"class_list":{"0":"post-596994","1":"product","2":"type-product","3":"status-publish","4":"has-post-thumbnail","6":"product_brand-stihl","7":"product_cat-macchinari","8":"product_cat-motoseghe","9":"product_cat-spranghe-guida","10":"product_tag-import-stihl","11":"sws-gruppo-macchinari-fr","12":"sws-conto-ricavi-merci-rivendita-macchinari-fr","13":"sws-gruppo-iva-iva81-fr","15":"first","16":"onbackorder","17":"purchasable","18":"product-type-simple"},"_links":{"self":[{"href":"https:\/\/lucacastelli.com\/fr\/wp-json\/wp\/v2\/product\/596994","targetHints":{"allow":["GET"]}}],"collection":[{"href":"https:\/\/lucacastelli.com\/fr\/wp-json\/wp\/v2\/product"}],"about":[{"href":"https:\/\/lucacastelli.com\/fr\/wp-json\/wp\/v2\/types\/product"}],"wp:featuredmedia":[{"embeddable":true,"href":"https:\/\/lucacastelli.com\/fr\/wp-json\/wp\/v2\/media\/429510"}],"wp:attachment":[{"href":"https:\/\/lucacastelli.com\/fr\/wp-json\/wp\/v2\/media?parent=596994"}],"wp:term":[{"taxonomy":"product_brand","embeddable":true,"href":"https:\/\/lucacastelli.com\/fr\/wp-json\/wp\/v2\/product_brand?post=596994"},{"taxonomy":"product_cat","embeddable":true,"href":"https:\/\/lucacastelli.com\/fr\/wp-json\/wp\/v2\/product_cat?post=596994"},{"taxonomy":"product_tag","embeddable":true,"href":"https:\/\/lucacastelli.com\/fr\/wp-json\/wp\/v2\/product_tag?post=596994"}],"curies":[{"name":"wp","href":"https:\/\/api.w.org\/{rel}","templated":true}]}}