{"id":596977,"date":"2025-06-01T00:01:42","date_gmt":"2025-05-31T22:01:42","guid":{"rendered":"https:\/\/lucacastelli.com\/prodotto\/stihl-rollomatic-e-3-8-p-35cm\/"},"modified":"2025-08-12T13:58:14","modified_gmt":"2025-08-12T11:58:14","slug":"stihl-rollomatic-e-3-8-p-35cm","status":"publish","type":"product","link":"https:\/\/lucacastelli.com\/fr\/produit\/stihl-rollomatic-e-3-8-p-35cm\/","title":{"rendered":"STIHL Rollomatic E, 3\/8 &#8220;P, 35cm"},"content":{"rendered":"<p>Le corps de cette barre est compos\u00e9 de trois plaques de m\u00e9tal \u00e9lectrosoud\u00e9es, dont celle du centre est en grande partie creuse. L&#8217;avantage : une grande stabilit\u00e9 pour un poids r\u00e9duit. Pour couvrir la large gamme d&#8217;exigences d&#8217;application, les barres Rollomatic E sont produites avec deux tailles de t\u00eate diff\u00e9rentes (\u00e9toiles de d\u00e9flexion).<br \/>\n795711039004  <\/p>\n<p>Pas de l&#8217;engrenage conique 9.32mm\/3\/8 &#8220;P<br \/>\nLargeur de la gorge<\/p>\n<p>Raccordement de la barre de guidage Raccordement de la barre de guidage<br \/>\nNombre d&#8217;\u00e9toiles de d\u00e9viation 9<br \/>\nLongueur de la barre de guidage 35cm\/14&#8221;<\/p>\n","protected":false},"excerpt":{"rendered":"<p>Rollomatic E, 3\/8 &#8220;P, 35cm<\/p>\n","protected":false},"featured_media":429487,"template":"","meta":{"_seopress_robots_primary_cat":"","_seopress_titles_title":"","_seopress_titles_desc":"","_seopress_robots_index":""},"product_brand":[3555],"product_cat":[1622,167,1604],"product_tag":[3267],"class_list":{"0":"post-596977","1":"product","2":"type-product","3":"status-publish","4":"has-post-thumbnail","6":"product_brand-stihl-fr","7":"product_cat-guides-chaine","8":"product_cat-machines","9":"product_cat-tronconneuses","10":"product_tag-import-stihl-fr","11":"sws-gruppo-macchinari-fr","12":"sws-conto-ricavi-merci-rivendita-macchinari-fr","13":"sws-gruppo-iva-iva81-fr","15":"first","16":"onbackorder","17":"purchasable","18":"product-type-simple"},"_links":{"self":[{"href":"https:\/\/lucacastelli.com\/fr\/wp-json\/wp\/v2\/product\/596977","targetHints":{"allow":["GET"]}}],"collection":[{"href":"https:\/\/lucacastelli.com\/fr\/wp-json\/wp\/v2\/product"}],"about":[{"href":"https:\/\/lucacastelli.com\/fr\/wp-json\/wp\/v2\/types\/product"}],"wp:featuredmedia":[{"embeddable":true,"href":"https:\/\/lucacastelli.com\/fr\/wp-json\/wp\/v2\/media\/429487"}],"wp:attachment":[{"href":"https:\/\/lucacastelli.com\/fr\/wp-json\/wp\/v2\/media?parent=596977"}],"wp:term":[{"taxonomy":"product_brand","embeddable":true,"href":"https:\/\/lucacastelli.com\/fr\/wp-json\/wp\/v2\/product_brand?post=596977"},{"taxonomy":"product_cat","embeddable":true,"href":"https:\/\/lucacastelli.com\/fr\/wp-json\/wp\/v2\/product_cat?post=596977"},{"taxonomy":"product_tag","embeddable":true,"href":"https:\/\/lucacastelli.com\/fr\/wp-json\/wp\/v2\/product_tag?post=596977"}],"curies":[{"name":"wp","href":"https:\/\/api.w.org\/{rel}","templated":true}]}}