{"id":596973,"date":"2025-05-31T23:01:31","date_gmt":"2025-05-31T21:01:31","guid":{"rendered":"https:\/\/lucacastelli.com\/prodotto\/stihl-3-8-rapid-hexa-3-rh3-1-6-mm-90-cm\/"},"modified":"2025-05-31T23:01:31","modified_gmt":"2025-05-31T21:01:31","slug":"stihl-3-8-rapid-hexa-3-rh3-1-6-mm-90-cm","status":"publish","type":"product","link":"https:\/\/lucacastelli.com\/fr\/produit\/stihl-3-8-rapid-hexa-3-rh3-1-6-mm-90-cm\/","title":{"rendered":"STIHL 3\/8 Rapid Hexa 3 (RH3), 1.6 mm, 90 cm"},"content":{"rendered":"<p>div<br \/>\npGr\u00e2ce \u00e0 la conception innovante des dents et au joint de coupe fin, la cha\u00eene Rapid Hexa 3\/8&#8243; de STIHL avec dents \u00e0 gouge pleine atteint une puissance de coupe extr\u00eamement \u00e9lev\u00e9e. Cette nouvelle cha\u00eene innovante pour les tron\u00e7onneuses STIHL est un excellent choix pour les abatteurs professionnels et les agriculteurs qui souhaitent couper et \u00e9laguer les arbres encore plus rapidement. Les avantages de cette cha\u00eene sont particuli\u00e8rement \u00e9vidents lors de la coupe en travers du grain du bois.\/p<br \/>\npLa cha\u00eene STIHL Rapid Hexa est bas\u00e9e sur le syst\u00e8me exclusif brevet\u00e9 STIHL HEXA, qui comporte des dents et des limes Hexa assorties pour permettre un aff\u00fbtage rapide, facile et pr\u00e9cis. Cela te permet de scier plus rapidement et de garantir que la cha\u00eene avec des dents \u00e0 gouge pleine reste aff\u00fbt\u00e9e plus longtemps. En outre, le syst\u00e8me HEXA \u00e9vite de limer dans les maillons de guidage et de liaison, ce qui minimise le risque de rupture des cha\u00eenes. Gr\u00e2ce \u00e0 ce syst\u00e8me, m\u00eame les utilisateurs inexp\u00e9riment\u00e9s sont en mesure d&#8217;aff\u00fbter avec un angle presque id\u00e9al. Ces caract\u00e9ristiques conf\u00e8rent \u00e0 la cha\u00eene Rapid Hexa 3\/8&#8243; de STIHL une dur\u00e9e de vie et une utilisation nettement plus longues.\/pp<br \/>\nLa qualit\u00e9 de coupe \u00e9lev\u00e9e assur\u00e9e par les dents \u00e0 grains pleins de la cha\u00eene Rapid Hexa permet de r\u00e9aliser des coupes nettes et pr\u00e9cises \u00e0 tout moment. Ainsi, par exemple, lorsque tu utilises la tron\u00e7onneuse MS 462, tu peux abattre des arbres de mani\u00e8re efficace et couper m\u00eame le bois le plus \u00e9pais avec une pr\u00e9cision maximale. Gr\u00e2ce \u00e0 la tendance r\u00e9duite aux vibrations, tu peux positionner la tron\u00e7onneuse avec pr\u00e9cision et la faire avancer en toute s\u00e9curit\u00e9 dans le bois.\/ppLa cha\u00eene Hexa ne peut \u00eatre aff\u00fbt\u00e9e qu&#8217;avec la lime Hexa.\/p\/div<br \/>\n886661716029<\/p>\n<p>Pas de la cha\u00eene 9.32mm\/3\/8&#8243;<br \/>\nEpaisseur du maillon de guidage<\/p>\n<p>Longueur de la barre Longueur de la barre<\/p>\n","protected":false},"excerpt":{"rendered":"<p>3\/8 Rapid Hexa 3 (RH3), 1,6 mm, 90 cm<\/p>\n","protected":false},"featured_media":423750,"template":"","meta":{"_seopress_robots_primary_cat":"","_seopress_titles_title":"","_seopress_titles_desc":"","_seopress_robots_index":""},"product_brand":[3366],"product_cat":[29],"product_tag":[3265],"class_list":{"0":"post-596973","1":"product","2":"type-product","3":"status-publish","4":"has-post-thumbnail","6":"product_brand-stihl","7":"product_cat-macchinari","8":"product_tag-import-stihl","9":"sws-gruppo-macchinari-fr","10":"sws-conto-ricavi-merci-rivendita-macchinari-fr","11":"sws-gruppo-iva-iva81-fr","13":"first","14":"onbackorder","15":"purchasable","16":"product-type-simple"},"_links":{"self":[{"href":"https:\/\/lucacastelli.com\/fr\/wp-json\/wp\/v2\/product\/596973","targetHints":{"allow":["GET"]}}],"collection":[{"href":"https:\/\/lucacastelli.com\/fr\/wp-json\/wp\/v2\/product"}],"about":[{"href":"https:\/\/lucacastelli.com\/fr\/wp-json\/wp\/v2\/types\/product"}],"wp:featuredmedia":[{"embeddable":true,"href":"https:\/\/lucacastelli.com\/fr\/wp-json\/wp\/v2\/media\/423750"}],"wp:attachment":[{"href":"https:\/\/lucacastelli.com\/fr\/wp-json\/wp\/v2\/media?parent=596973"}],"wp:term":[{"taxonomy":"product_brand","embeddable":true,"href":"https:\/\/lucacastelli.com\/fr\/wp-json\/wp\/v2\/product_brand?post=596973"},{"taxonomy":"product_cat","embeddable":true,"href":"https:\/\/lucacastelli.com\/fr\/wp-json\/wp\/v2\/product_cat?post=596973"},{"taxonomy":"product_tag","embeddable":true,"href":"https:\/\/lucacastelli.com\/fr\/wp-json\/wp\/v2\/product_tag?post=596973"}],"curies":[{"name":"wp","href":"https:\/\/api.w.org\/{rel}","templated":true}]}}