{"id":596837,"date":"2025-06-01T02:32:59","date_gmt":"2025-06-01T00:32:59","guid":{"rendered":"https:\/\/lucacastelli.com\/prodotto\/protege-chaine-25-cm-pour-3005-mini\/"},"modified":"2025-08-12T13:57:51","modified_gmt":"2025-08-12T11:57:51","slug":"protege-chaine-25-cm-pour-3005-mini","status":"publish","type":"product","link":"https:\/\/lucacastelli.com\/fr\/produit\/protege-chaine-25-cm-pour-3005-mini\/","title":{"rendered":"Prot\u00e8ge-cha\u00eene 25 cm pour 3005 Mini"},"content":{"rendered":"<p>Prot\u00e8ge-cha\u00eene pour MS 150 C-E.<br \/>\n795711937355<\/p>\n","protected":false},"excerpt":{"rendered":"<p>Prot\u00e8ge-cha\u00eene 25 cm pour 3005 Mini<\/p>\n","protected":false},"featured_media":482337,"template":"","meta":{"_seopress_robots_primary_cat":"","_seopress_titles_title":"","_seopress_titles_desc":"","_seopress_robots_index":""},"product_brand":[3366],"product_cat":[29,268,524],"product_tag":[3265],"class_list":{"0":"post-596837","1":"product","2":"type-product","3":"status-publish","4":"has-post-thumbnail","6":"product_brand-stihl","7":"product_cat-macchinari","8":"product_cat-motoseghe","9":"product_cat-spranghe-guida","10":"product_tag-import-stihl","11":"sws-gruppo-macchinari-fr","12":"sws-conto-ricavi-merci-rivendita-macchinari-fr","13":"sws-gruppo-iva-iva81-fr","15":"first","16":"onbackorder","17":"purchasable","18":"product-type-simple"},"_links":{"self":[{"href":"https:\/\/lucacastelli.com\/fr\/wp-json\/wp\/v2\/product\/596837","targetHints":{"allow":["GET"]}}],"collection":[{"href":"https:\/\/lucacastelli.com\/fr\/wp-json\/wp\/v2\/product"}],"about":[{"href":"https:\/\/lucacastelli.com\/fr\/wp-json\/wp\/v2\/types\/product"}],"wp:featuredmedia":[{"embeddable":true,"href":"https:\/\/lucacastelli.com\/fr\/wp-json\/wp\/v2\/media\/482337"}],"wp:attachment":[{"href":"https:\/\/lucacastelli.com\/fr\/wp-json\/wp\/v2\/media?parent=596837"}],"wp:term":[{"taxonomy":"product_brand","embeddable":true,"href":"https:\/\/lucacastelli.com\/fr\/wp-json\/wp\/v2\/product_brand?post=596837"},{"taxonomy":"product_cat","embeddable":true,"href":"https:\/\/lucacastelli.com\/fr\/wp-json\/wp\/v2\/product_cat?post=596837"},{"taxonomy":"product_tag","embeddable":true,"href":"https:\/\/lucacastelli.com\/fr\/wp-json\/wp\/v2\/product_tag?post=596837"}],"curies":[{"name":"wp","href":"https:\/\/api.w.org\/{rel}","templated":true}]}}