{"id":596830,"date":"2025-06-01T02:35:09","date_gmt":"2025-06-01T00:35:09","guid":{"rendered":"https:\/\/lucacastelli.com\/prodotto\/sac-pour-tronconneuses\/"},"modified":"2025-06-01T02:35:09","modified_gmt":"2025-06-01T00:35:09","slug":"sac-pour-tronconneuses","status":"publish","type":"product","link":"https:\/\/lucacastelli.com\/fr\/produit\/sac-pour-tronconneuses\/","title":{"rendered":"Sac pour Tron\u00e7onneuses"},"content":{"rendered":"<p>Pour transporter et ranger la Tron\u00e7onneuses \u00e9quip\u00e9e d&#8217;un guide jusqu&#8217;\u00e0 45 cm de long.<br \/>\n795711258979<\/p>\n","protected":false},"excerpt":{"rendered":"<p>Sac pour Tron\u00e7onneuses<\/p>\n","protected":false},"featured_media":482181,"template":"","meta":{"_seopress_robots_primary_cat":"","_seopress_titles_title":"","_seopress_titles_desc":"","_seopress_robots_index":""},"product_brand":[3554],"product_cat":[169,1612,1615,1616],"product_tag":[3266],"class_list":{"0":"post-596830","1":"product","2":"type-product","3":"status-publish","4":"has-post-thumbnail","6":"product_brand-stihl-de","7":"product_cat-maschinen","8":"product_cat-kettensagen","9":"product_cat-akku-kettensagen","10":"product_cat-motor-kettensagen","11":"product_tag-import-stihl-de","12":"sws-gruppo-abb-libero-fr","13":"sws-conto-ricavi-merci-rivendita-abbigliamento-fr","14":"sws-gruppo-iva-iva81-fr","16":"first","17":"onbackorder","18":"purchasable","19":"product-type-simple"},"_links":{"self":[{"href":"https:\/\/lucacastelli.com\/fr\/wp-json\/wp\/v2\/product\/596830","targetHints":{"allow":["GET"]}}],"collection":[{"href":"https:\/\/lucacastelli.com\/fr\/wp-json\/wp\/v2\/product"}],"about":[{"href":"https:\/\/lucacastelli.com\/fr\/wp-json\/wp\/v2\/types\/product"}],"wp:featuredmedia":[{"embeddable":true,"href":"https:\/\/lucacastelli.com\/fr\/wp-json\/wp\/v2\/media\/482181"}],"wp:attachment":[{"href":"https:\/\/lucacastelli.com\/fr\/wp-json\/wp\/v2\/media?parent=596830"}],"wp:term":[{"taxonomy":"product_brand","embeddable":true,"href":"https:\/\/lucacastelli.com\/fr\/wp-json\/wp\/v2\/product_brand?post=596830"},{"taxonomy":"product_cat","embeddable":true,"href":"https:\/\/lucacastelli.com\/fr\/wp-json\/wp\/v2\/product_cat?post=596830"},{"taxonomy":"product_tag","embeddable":true,"href":"https:\/\/lucacastelli.com\/fr\/wp-json\/wp\/v2\/product_tag?post=596830"}],"curies":[{"name":"wp","href":"https:\/\/api.w.org\/{rel}","templated":true}]}}