{"id":596814,"date":"2025-06-01T02:37:18","date_gmt":"2025-06-01T00:37:18","guid":{"rendered":"https:\/\/lucacastelli.com\/prodotto\/marqueur-pro-jaune\/"},"modified":"2025-08-12T13:54:02","modified_gmt":"2025-08-12T11:54:02","slug":"marqueur-pro-jaune","status":"publish","type":"product","link":"https:\/\/lucacastelli.com\/fr\/produit\/marqueur-pro-jaune\/","title":{"rendered":"Marqueur PRO, jaune"},"content":{"rendered":"<p>Craie foresti\u00e8re pour le marquage, disponible en diff\u00e9rentes couleurs. Pour le bois sec ou humide. Paquets de 12 unit\u00e9s.<br \/>\n795711001988  <\/p>\n","protected":false},"excerpt":{"rendered":"<p>Marqueur PRO, jaune<\/p>\n","protected":false},"featured_media":482347,"template":"","meta":{"_seopress_robots_primary_cat":"","_seopress_titles_title":"","_seopress_titles_desc":"","_seopress_robots_index":""},"product_brand":[3555],"product_cat":[167,1685],"product_tag":[3267],"class_list":{"0":"post-596814","1":"product","2":"type-product","3":"status-publish","4":"has-post-thumbnail","6":"product_brand-stihl-fr","7":"product_cat-machines","8":"product_cat-outils-et-accessoires-forestiers","9":"product_tag-import-stihl-fr","10":"sws-gruppo-macchinari-fr","11":"sws-conto-ricavi-merci-rivendita-macchinari-fr","12":"sws-gruppo-iva-iva81-fr","14":"first","15":"onbackorder","16":"purchasable","17":"product-type-simple"},"_links":{"self":[{"href":"https:\/\/lucacastelli.com\/fr\/wp-json\/wp\/v2\/product\/596814","targetHints":{"allow":["GET"]}}],"collection":[{"href":"https:\/\/lucacastelli.com\/fr\/wp-json\/wp\/v2\/product"}],"about":[{"href":"https:\/\/lucacastelli.com\/fr\/wp-json\/wp\/v2\/types\/product"}],"wp:featuredmedia":[{"embeddable":true,"href":"https:\/\/lucacastelli.com\/fr\/wp-json\/wp\/v2\/media\/482347"}],"wp:attachment":[{"href":"https:\/\/lucacastelli.com\/fr\/wp-json\/wp\/v2\/media?parent=596814"}],"wp:term":[{"taxonomy":"product_brand","embeddable":true,"href":"https:\/\/lucacastelli.com\/fr\/wp-json\/wp\/v2\/product_brand?post=596814"},{"taxonomy":"product_cat","embeddable":true,"href":"https:\/\/lucacastelli.com\/fr\/wp-json\/wp\/v2\/product_cat?post=596814"},{"taxonomy":"product_tag","embeddable":true,"href":"https:\/\/lucacastelli.com\/fr\/wp-json\/wp\/v2\/product_tag?post=596814"}],"curies":[{"name":"wp","href":"https:\/\/api.w.org\/{rel}","templated":true}]}}