{"id":596813,"date":"2025-06-01T02:39:29","date_gmt":"2025-06-01T00:39:29","guid":{"rendered":"https:\/\/lucacastelli.com\/prodotto\/lunettes-de-protection-contrast-orange\/"},"modified":"2025-08-12T13:57:44","modified_gmt":"2025-08-12T11:57:44","slug":"lunettes-de-protection-contrast-orange","status":"publish","type":"product","link":"https:\/\/lucacastelli.com\/fr\/produit\/lunettes-de-protection-contrast-orange\/","title":{"rendered":"Lunettes de protection CONTRAST, orange"},"content":{"rendered":"<p>Lunettes de protection r\u00e9sistantes aux rayures avec \u00e9crans lat\u00e9raux, protection \u00e0 100 %, int\u00e9rieur sans monture et branches avec extr\u00e9mit\u00e9s rembourr\u00e9es. Conformes \u00e0 la norme EN 166. Poids 26,0 g.<br \/>\n886661921089  <\/p>\n","protected":false},"excerpt":{"rendered":"<p>Lunettes de protection CONTRAST, orange<\/p>\n","protected":false},"featured_media":482245,"template":"","meta":{"_seopress_robots_primary_cat":"","_seopress_titles_title":"","_seopress_titles_desc":"","_seopress_robots_index":""},"product_brand":[3366],"product_cat":[33,816],"product_tag":[3265],"class_list":{"0":"post-596813","1":"product","2":"type-product","3":"status-publish","4":"has-post-thumbnail","6":"product_brand-stihl","7":"product_cat-attrezzature","8":"product_cat-visiere-e-occhiali-protettivi","9":"product_tag-import-stihl","10":"sws-gruppo-abb-libero","11":"sws-conto-ricavi-merci-rivendita-abbigliamento","12":"sws-gruppo-iva-iva81","14":"first","15":"onbackorder","16":"purchasable","17":"product-type-simple"},"_links":{"self":[{"href":"https:\/\/lucacastelli.com\/fr\/wp-json\/wp\/v2\/product\/596813","targetHints":{"allow":["GET"]}}],"collection":[{"href":"https:\/\/lucacastelli.com\/fr\/wp-json\/wp\/v2\/product"}],"about":[{"href":"https:\/\/lucacastelli.com\/fr\/wp-json\/wp\/v2\/types\/product"}],"wp:featuredmedia":[{"embeddable":true,"href":"https:\/\/lucacastelli.com\/fr\/wp-json\/wp\/v2\/media\/482245"}],"wp:attachment":[{"href":"https:\/\/lucacastelli.com\/fr\/wp-json\/wp\/v2\/media?parent=596813"}],"wp:term":[{"taxonomy":"product_brand","embeddable":true,"href":"https:\/\/lucacastelli.com\/fr\/wp-json\/wp\/v2\/product_brand?post=596813"},{"taxonomy":"product_cat","embeddable":true,"href":"https:\/\/lucacastelli.com\/fr\/wp-json\/wp\/v2\/product_cat?post=596813"},{"taxonomy":"product_tag","embeddable":true,"href":"https:\/\/lucacastelli.com\/fr\/wp-json\/wp\/v2\/product_tag?post=596813"}],"curies":[{"name":"wp","href":"https:\/\/api.w.org\/{rel}","templated":true}]}}