{"id":596805,"date":"2025-06-01T02:39:36","date_gmt":"2025-06-01T00:39:36","guid":{"rendered":"https:\/\/lucacastelli.com\/prodotto\/lunettes-de-protection-stihl-standard\/"},"modified":"2025-06-01T02:39:36","modified_gmt":"2025-06-01T00:39:36","slug":"lunettes-de-protection-stihl-standard","status":"publish","type":"product","link":"https:\/\/lucacastelli.com\/fr\/produit\/lunettes-de-protection-stihl-standard\/","title":{"rendered":"Lunettes de protection STIHL STANDARD"},"content":{"rendered":"<p>Lunettes de s\u00e9curit\u00e9 en une seule pi\u00e8ce. Excellente vision m\u00eame pour les porteurs de lunettes. \u00c9crans lat\u00e9raux, protection UV \u00e0 100 %. Conformes \u00e0 la norme EN 166. Poids 40,3 g.<br \/>\n886661921331    <\/p>\n","protected":false},"excerpt":{"rendered":"<p>Lunettes de protection STANDARD<\/p>\n","protected":false},"featured_media":425295,"template":"","meta":{"_seopress_robots_primary_cat":"","_seopress_titles_title":"","_seopress_titles_desc":"","_seopress_robots_index":""},"product_brand":[3555],"product_cat":[1397,1412],"product_tag":[3267],"class_list":{"0":"post-596805","1":"product","2":"type-product","3":"status-publish","4":"has-post-thumbnail","6":"product_brand-stihl-fr","7":"product_cat-equipement-de-travail","8":"product_cat-visieres-et-lunettes","9":"product_tag-import-stihl-fr","10":"sws-gruppo-abb-libero-fr","11":"sws-conto-ricavi-merci-rivendita-abbigliamento-fr","12":"sws-gruppo-iva-iva81-fr","14":"first","15":"onbackorder","16":"purchasable","17":"product-type-simple"},"_links":{"self":[{"href":"https:\/\/lucacastelli.com\/fr\/wp-json\/wp\/v2\/product\/596805","targetHints":{"allow":["GET"]}}],"collection":[{"href":"https:\/\/lucacastelli.com\/fr\/wp-json\/wp\/v2\/product"}],"about":[{"href":"https:\/\/lucacastelli.com\/fr\/wp-json\/wp\/v2\/types\/product"}],"wp:featuredmedia":[{"embeddable":true,"href":"https:\/\/lucacastelli.com\/fr\/wp-json\/wp\/v2\/media\/425295"}],"wp:attachment":[{"href":"https:\/\/lucacastelli.com\/fr\/wp-json\/wp\/v2\/media?parent=596805"}],"wp:term":[{"taxonomy":"product_brand","embeddable":true,"href":"https:\/\/lucacastelli.com\/fr\/wp-json\/wp\/v2\/product_brand?post=596805"},{"taxonomy":"product_cat","embeddable":true,"href":"https:\/\/lucacastelli.com\/fr\/wp-json\/wp\/v2\/product_cat?post=596805"},{"taxonomy":"product_tag","embeddable":true,"href":"https:\/\/lucacastelli.com\/fr\/wp-json\/wp\/v2\/product_tag?post=596805"}],"curies":[{"name":"wp","href":"https:\/\/api.w.org\/{rel}","templated":true}]}}