{"id":596797,"date":"2025-06-01T02:39:55","date_gmt":"2025-06-01T00:39:55","guid":{"rendered":"https:\/\/lucacastelli.com\/prodotto\/ecouteurs-de-protection-stihl-dynamic-bt\/"},"modified":"2025-06-01T02:39:55","modified_gmt":"2025-06-01T00:39:55","slug":"ecouteurs-de-protection-stihl-dynamic-bt","status":"publish","type":"product","link":"https:\/\/lucacastelli.com\/fr\/produit\/ecouteurs-de-protection-stihl-dynamic-bt\/","title":{"rendered":"\u00c9couteurs de protection STIHL DYNAMIC BT"},"content":{"rendered":"<p>pLe casque DYNAMIC Sound de STIHL r\u00e9duit les \u00e9missions sonores \u00e9lev\u00e9es pour prot\u00e9ger ton audition au travail. Gr\u00e2ce \u00e0 Bluetooth\u00ae, tu peux utiliser les fonctions de ton smartphone tout en travaillant. Avec une connexion Bluetooth\u00ae active, tu n&#8217;as pas besoin de sortir ton appareil de ta poche pour passer des appels ou \u00e9couter de la musique. L&#8217;autonomie de la batterie des casques STIHL peut atteindre 38 heures. Le casque STIHL DYNAMIC Sound dispose d&#8217;une entr\u00e9e AUX s\u00e9par\u00e9e pour la connexion d&#8217;appareils non compatibles Bluetooth\u00ae.\/ppInformations compl\u00e9mentaires :\/pulliConditions de s\u00e9curit\u00e9 : EN 352\/liliProtection auditive : SNR 29 (H : 33, M : 26, L : 18)\/li\/ul<br \/>\n886661450282<\/p>\n<p>Valeur d&#8217;isolation 29<br \/>\nValeur H<\/p>\n<p>Valeur M Valeur M<br \/>\nValeur L 18<br \/>\nTaille SML<\/p>\n","protected":false},"excerpt":{"rendered":"<p>Casque de protection DYNAMIC BT<\/p>\n","protected":false},"featured_media":425339,"template":"","meta":{"_seopress_robots_primary_cat":"","_seopress_titles_title":"","_seopress_titles_desc":"","_seopress_robots_index":""},"product_brand":[3366],"product_cat":[33,537,815],"product_tag":[3265],"class_list":{"0":"post-596797","1":"product","2":"type-product","3":"status-publish","4":"has-post-thumbnail","6":"product_brand-stihl","7":"product_cat-attrezzature","8":"product_cat-attrezzatura-da-lavoro","9":"product_cat-caschi","10":"product_tag-import-stihl","11":"sws-gruppo-abb-libero-fr","12":"sws-conto-ricavi-merci-rivendita-abbigliamento-fr","13":"sws-gruppo-iva-iva81-fr","15":"first","16":"onbackorder","17":"purchasable","18":"product-type-simple"},"_links":{"self":[{"href":"https:\/\/lucacastelli.com\/fr\/wp-json\/wp\/v2\/product\/596797","targetHints":{"allow":["GET"]}}],"collection":[{"href":"https:\/\/lucacastelli.com\/fr\/wp-json\/wp\/v2\/product"}],"about":[{"href":"https:\/\/lucacastelli.com\/fr\/wp-json\/wp\/v2\/types\/product"}],"wp:featuredmedia":[{"embeddable":true,"href":"https:\/\/lucacastelli.com\/fr\/wp-json\/wp\/v2\/media\/425339"}],"wp:attachment":[{"href":"https:\/\/lucacastelli.com\/fr\/wp-json\/wp\/v2\/media?parent=596797"}],"wp:term":[{"taxonomy":"product_brand","embeddable":true,"href":"https:\/\/lucacastelli.com\/fr\/wp-json\/wp\/v2\/product_brand?post=596797"},{"taxonomy":"product_cat","embeddable":true,"href":"https:\/\/lucacastelli.com\/fr\/wp-json\/wp\/v2\/product_cat?post=596797"},{"taxonomy":"product_tag","embeddable":true,"href":"https:\/\/lucacastelli.com\/fr\/wp-json\/wp\/v2\/product_tag?post=596797"}],"curies":[{"name":"wp","href":"https:\/\/api.w.org\/{rel}","templated":true}]}}