{"id":596791,"date":"2025-06-01T02:39:57","date_gmt":"2025-06-01T00:39:57","guid":{"rendered":"https:\/\/lucacastelli.com\/prodotto\/protection-de-sonorisation-stihl-dynamic-avec-filet-en-nylon\/"},"modified":"2025-06-01T02:39:57","modified_gmt":"2025-06-01T00:39:57","slug":"protection-de-sonorisation-stihl-dynamic-avec-filet-en-nylon","status":"publish","type":"product","link":"https:\/\/lucacastelli.com\/fr\/produit\/protection-de-sonorisation-stihl-dynamic-avec-filet-en-nylon\/","title":{"rendered":"Protection de sonorisation STIHL DYNAMIC, avec filet en nylon"},"content":{"rendered":"<p>Casque d&#8217;\u00e9coute avec fonction Bluetooth\u00ae (BT) et filet en nylon conforme \u00e0 la norme EN 1731. Utilisation polyvalente, par exemple avec les smartphones, Bluetooth 4.0, entr\u00e9e AUX s\u00e9par\u00e9e, autonomie de la batterie jusqu&#8217;\u00e0 38 heures, conforme \u00e0 la norme EN 352, SNR 29.<br \/>\n886661450299 <\/p>\n<p>Valeur d&#8217;isolation 29<br \/>\nValeur H<\/p>\n<p>Valeur M<br \/>\nValeur L 18<br \/>\nTransmission de la lumi\u00e8re 61<\/p>\n","protected":false},"excerpt":{"rendered":"<p>Protection DYNAMIC Sound PA, avec filet en nylon<\/p>\n","protected":false},"featured_media":425344,"template":"","meta":{"_seopress_robots_primary_cat":"","_seopress_titles_title":"","_seopress_titles_desc":"","_seopress_robots_index":""},"product_brand":[3555],"product_cat":[1397,1412],"product_tag":[3267],"class_list":{"0":"post-596791","1":"product","2":"type-product","3":"status-publish","4":"has-post-thumbnail","6":"product_brand-stihl-fr","7":"product_cat-equipement-de-travail","8":"product_cat-visieres-et-lunettes","9":"product_tag-import-stihl-fr","10":"sws-gruppo-abb-libero-fr","11":"sws-conto-ricavi-merci-rivendita-abbigliamento-fr","12":"sws-gruppo-iva-iva81-fr","14":"first","15":"onbackorder","16":"purchasable","17":"product-type-simple"},"_links":{"self":[{"href":"https:\/\/lucacastelli.com\/fr\/wp-json\/wp\/v2\/product\/596791","targetHints":{"allow":["GET"]}}],"collection":[{"href":"https:\/\/lucacastelli.com\/fr\/wp-json\/wp\/v2\/product"}],"about":[{"href":"https:\/\/lucacastelli.com\/fr\/wp-json\/wp\/v2\/types\/product"}],"wp:featuredmedia":[{"embeddable":true,"href":"https:\/\/lucacastelli.com\/fr\/wp-json\/wp\/v2\/media\/425344"}],"wp:attachment":[{"href":"https:\/\/lucacastelli.com\/fr\/wp-json\/wp\/v2\/media?parent=596791"}],"wp:term":[{"taxonomy":"product_brand","embeddable":true,"href":"https:\/\/lucacastelli.com\/fr\/wp-json\/wp\/v2\/product_brand?post=596791"},{"taxonomy":"product_cat","embeddable":true,"href":"https:\/\/lucacastelli.com\/fr\/wp-json\/wp\/v2\/product_cat?post=596791"},{"taxonomy":"product_tag","embeddable":true,"href":"https:\/\/lucacastelli.com\/fr\/wp-json\/wp\/v2\/product_tag?post=596791"}],"curies":[{"name":"wp","href":"https:\/\/api.w.org\/{rel}","templated":true}]}}