{"id":596788,"date":"2025-06-01T02:40:17","date_gmt":"2025-06-01T00:40:17","guid":{"rendered":"https:\/\/lucacastelli.com\/prodotto\/casque-de-protection-auditive-stihl-concept\/"},"modified":"2025-06-01T02:40:17","modified_gmt":"2025-06-01T00:40:17","slug":"casque-de-protection-auditive-stihl-concept","status":"publish","type":"product","link":"https:\/\/lucacastelli.com\/fr\/produit\/casque-de-protection-auditive-stihl-concept\/","title":{"rendered":"Casque de protection auditive STIHL Concept"},"content":{"rendered":"<p>Manchette d&#8217;oreille extr\u00eamement l\u00e9g\u00e8re. Avec arceau \u00e9lastique et coussinets souples. Conforme \u00e0 la norme EN 352. Poids 173,9.<br \/>\n886661928095   <\/p>\n<p>Valeur d&#8217;isolation 26<br \/>\nValeur H<\/p>\n<p>Valeur M Valeur M<br \/>\nValeur L 15<br \/>\nTaille SML<\/p>\n","protected":false},"excerpt":{"rendered":"<p>Casque de protection auditive Concept<\/p>\n","protected":false},"featured_media":425353,"template":"","meta":{"_seopress_robots_primary_cat":"","_seopress_titles_title":"","_seopress_titles_desc":"","_seopress_robots_index":""},"product_brand":[3366],"product_cat":[537,815],"product_tag":[3265],"class_list":{"0":"post-596788","1":"product","2":"type-product","3":"status-publish","4":"has-post-thumbnail","6":"product_brand-stihl","7":"product_cat-attrezzatura-da-lavoro","8":"product_cat-caschi","9":"product_tag-import-stihl","10":"sws-gruppo-abb-libero-fr","11":"sws-conto-ricavi-merci-rivendita-abbigliamento-fr","12":"sws-gruppo-iva-iva81-fr","14":"first","15":"onbackorder","16":"purchasable","17":"product-type-simple"},"_links":{"self":[{"href":"https:\/\/lucacastelli.com\/fr\/wp-json\/wp\/v2\/product\/596788","targetHints":{"allow":["GET"]}}],"collection":[{"href":"https:\/\/lucacastelli.com\/fr\/wp-json\/wp\/v2\/product"}],"about":[{"href":"https:\/\/lucacastelli.com\/fr\/wp-json\/wp\/v2\/types\/product"}],"wp:featuredmedia":[{"embeddable":true,"href":"https:\/\/lucacastelli.com\/fr\/wp-json\/wp\/v2\/media\/425353"}],"wp:attachment":[{"href":"https:\/\/lucacastelli.com\/fr\/wp-json\/wp\/v2\/media?parent=596788"}],"wp:term":[{"taxonomy":"product_brand","embeddable":true,"href":"https:\/\/lucacastelli.com\/fr\/wp-json\/wp\/v2\/product_brand?post=596788"},{"taxonomy":"product_cat","embeddable":true,"href":"https:\/\/lucacastelli.com\/fr\/wp-json\/wp\/v2\/product_cat?post=596788"},{"taxonomy":"product_tag","embeddable":true,"href":"https:\/\/lucacastelli.com\/fr\/wp-json\/wp\/v2\/product_tag?post=596788"}],"curies":[{"name":"wp","href":"https:\/\/api.w.org\/{rel}","templated":true}]}}