{"id":596785,"date":"2025-06-01T02:39:59","date_gmt":"2025-06-01T00:39:59","guid":{"rendered":"https:\/\/lucacastelli.com\/prodotto\/protecteur-de-visiere-en-plastique-pc-stihl-dynamic-sound\/"},"modified":"2025-06-01T02:39:59","modified_gmt":"2025-06-01T00:39:59","slug":"protecteur-de-visiere-en-plastique-pc-stihl-dynamic-sound","status":"publish","type":"product","link":"https:\/\/lucacastelli.com\/fr\/produit\/protecteur-de-visiere-en-plastique-pc-stihl-dynamic-sound\/","title":{"rendered":"Protecteur de visi\u00e8re en plastique PC STIHL DYNAMIC Sound"},"content":{"rendered":"<p>pLa protection faciale et auditive STIHL DYNAMIC Sound PC te prot\u00e8ge lors de travaux exigeants. La visi\u00e8re \u00e9largie du DYNAMIC Sound PC offre un large champ de vision, ce qui garantit une vue claire. Le bandeau rembourr\u00e9 de cette protection faciale et auditive STIHL garantit un grand confort. Les bouchons d&#8217;oreille int\u00e9gr\u00e9s prot\u00e8gent efficacement contre les fortes \u00e9missions sonores et l&#8217;\u00e9cran facial suppl\u00e9mentaire prot\u00e8ge contre les \u00e9chardes ou les petites pierres volantes.\/ppLe protecteur STIHL DYNAMIC Sound PC est dot\u00e9 d&#8217;une visi\u00e8re en polycarbonate avec un rev\u00eatement antibu\u00e9e \u00e0 l&#8217;int\u00e9rieur, ce qui garantit une bonne visibilit\u00e9 \u00e0 tout moment. Avec une protection UV \u00e0 100 %, ce mod\u00e8le de la s\u00e9rie de protections faciales et auditives STIHL DYNAMIC est particuli\u00e8rement adapt\u00e9 au travail en plein soleil. De plus, tu peux b\u00e9n\u00e9ficier de la technologie Bluetooth\u00ae. Il te suffit de connecter ton smartphone par Bluetooth\u00ae \u00e0 la protection auditive pour passer des appels ou \u00e9couter de la musique sans avoir \u00e0 sortir ton appareil de ta poche.\/ppPour tous les travaux avec des d\u00e9broussailleuses, des taille-haies, des souffleurs, des pulv\u00e9risateurs et des tondeuses, tu dois \u00e9galement porter une protection oculaire (lunettes de protection conformes aux exigences de s\u00e9curit\u00e9 de la norme EN 166).\/ppInformations compl\u00e9mentaires :\/pulliProtection auditive : SNR 26 (H : 31, M : 23, L : 15)\/liliExigences de s\u00e9curit\u00e9 : EN 166, EN 352\/li\/ul.<br \/>\n886661450374<\/p>\n<p>Valeur d&#8217;isolation 26<br \/>\nValeur H<\/p>\n<p>Valeur M<br \/>\nValeur L 15<\/p>\n","protected":false},"excerpt":{"rendered":"<p>Protection avec la visi\u00e8re en plastique DYNAMIC Sound PC<\/p>\n","protected":false},"featured_media":437969,"template":"","meta":{"_seopress_robots_primary_cat":"","_seopress_titles_title":"","_seopress_titles_desc":"","_seopress_robots_index":""},"product_brand":[3555],"product_cat":[1405,144,1397],"product_tag":[3267],"class_list":{"0":"post-596785","1":"product","2":"type-product","3":"status-publish","4":"has-post-thumbnail","6":"product_brand-stihl-fr","7":"product_cat-casques","8":"product_cat-equipement","9":"product_cat-equipement-de-travail","10":"product_tag-import-stihl-fr","11":"sws-gruppo-macchinari-fr","12":"sws-conto-ricavi-merci-rivendita-macchinari-fr","13":"sws-gruppo-iva-iva81-fr","15":"first","16":"onbackorder","17":"sale","18":"purchasable","19":"product-type-simple"},"_links":{"self":[{"href":"https:\/\/lucacastelli.com\/fr\/wp-json\/wp\/v2\/product\/596785","targetHints":{"allow":["GET"]}}],"collection":[{"href":"https:\/\/lucacastelli.com\/fr\/wp-json\/wp\/v2\/product"}],"about":[{"href":"https:\/\/lucacastelli.com\/fr\/wp-json\/wp\/v2\/types\/product"}],"wp:featuredmedia":[{"embeddable":true,"href":"https:\/\/lucacastelli.com\/fr\/wp-json\/wp\/v2\/media\/437969"}],"wp:attachment":[{"href":"https:\/\/lucacastelli.com\/fr\/wp-json\/wp\/v2\/media?parent=596785"}],"wp:term":[{"taxonomy":"product_brand","embeddable":true,"href":"https:\/\/lucacastelli.com\/fr\/wp-json\/wp\/v2\/product_brand?post=596785"},{"taxonomy":"product_cat","embeddable":true,"href":"https:\/\/lucacastelli.com\/fr\/wp-json\/wp\/v2\/product_cat?post=596785"},{"taxonomy":"product_tag","embeddable":true,"href":"https:\/\/lucacastelli.com\/fr\/wp-json\/wp\/v2\/product_tag?post=596785"}],"curies":[{"name":"wp","href":"https:\/\/api.w.org\/{rel}","templated":true}]}}