{"id":596783,"date":"2025-06-01T02:40:18","date_gmt":"2025-06-01T00:40:18","guid":{"rendered":"https:\/\/lucacastelli.com\/prodotto\/casque-de-protection-auditive-stihl-concept-24\/"},"modified":"2025-06-01T02:40:18","modified_gmt":"2025-06-01T00:40:18","slug":"casque-de-protection-auditive-stihl-concept-24","status":"publish","type":"product","link":"https:\/\/lucacastelli.com\/fr\/produit\/casque-de-protection-auditive-stihl-concept-24\/","title":{"rendered":"Casque de protection auditive STIHL Concept 24"},"content":{"rendered":"<p>pLes casques d&#8217;\u00e9coute de la s\u00e9rie STIHL Concept te prot\u00e8gent contre les niveaux de bruit \u00e9lev\u00e9s lors de travaux exigeants. Ce casque STIHL est \u00e9quip\u00e9 d&#8217;un coussin souple qui offre un grand confort. Les bouchons et l&#8217;arceau du casque STIHL Concept sont orientables. De plus, le mod\u00e8le est tr\u00e8s l\u00e9ger et facilement r\u00e9glable pour un bon ajustement. Les mod\u00e8les de casques STIHL Concept 24 et 28 sont \u00e9quip\u00e9s d&#8217;un bandeau m\u00e9tallique stable et respirant. Le casque STIHL Concept 24 F offre un grand confort gr\u00e2ce \u00e0 son bandeau rembourr\u00e9. Ce casque est \u00e9galement pliable, ce qui le rend facile \u00e0 transporter et \u00e0 ranger.\/p<br \/>\n886661928101<\/p>\n<p>Valeur d&#8217;isolation 24<br \/>\nValeur H<\/p>\n<p>Valeur M Valeur M<br \/>\nValeur L 15<br \/>\nTaille SML<\/p>\n","protected":false},"excerpt":{"rendered":"<p>Casque de protection auditive Concept 24<\/p>\n","protected":false},"featured_media":425358,"template":"","meta":{"_seopress_robots_primary_cat":"","_seopress_titles_title":"","_seopress_titles_desc":"","_seopress_robots_index":""},"product_brand":[3366],"product_cat":[537,815],"product_tag":[3265],"class_list":{"0":"post-596783","1":"product","2":"type-product","3":"status-publish","4":"has-post-thumbnail","6":"product_brand-stihl","7":"product_cat-attrezzatura-da-lavoro","8":"product_cat-caschi","9":"product_tag-import-stihl","10":"sws-gruppo-abb-libero-fr","11":"sws-conto-ricavi-merci-rivendita-abbigliamento-fr","12":"sws-gruppo-iva-iva81-fr","14":"first","15":"onbackorder","16":"purchasable","17":"product-type-simple"},"_links":{"self":[{"href":"https:\/\/lucacastelli.com\/fr\/wp-json\/wp\/v2\/product\/596783","targetHints":{"allow":["GET"]}}],"collection":[{"href":"https:\/\/lucacastelli.com\/fr\/wp-json\/wp\/v2\/product"}],"about":[{"href":"https:\/\/lucacastelli.com\/fr\/wp-json\/wp\/v2\/types\/product"}],"wp:featuredmedia":[{"embeddable":true,"href":"https:\/\/lucacastelli.com\/fr\/wp-json\/wp\/v2\/media\/425358"}],"wp:attachment":[{"href":"https:\/\/lucacastelli.com\/fr\/wp-json\/wp\/v2\/media?parent=596783"}],"wp:term":[{"taxonomy":"product_brand","embeddable":true,"href":"https:\/\/lucacastelli.com\/fr\/wp-json\/wp\/v2\/product_brand?post=596783"},{"taxonomy":"product_cat","embeddable":true,"href":"https:\/\/lucacastelli.com\/fr\/wp-json\/wp\/v2\/product_cat?post=596783"},{"taxonomy":"product_tag","embeddable":true,"href":"https:\/\/lucacastelli.com\/fr\/wp-json\/wp\/v2\/product_tag?post=596783"}],"curies":[{"name":"wp","href":"https:\/\/api.w.org\/{rel}","templated":true}]}}