{"id":596768,"date":"2025-06-01T02:40:24","date_gmt":"2025-06-01T00:40:24","guid":{"rendered":"https:\/\/lucacastelli.com\/prodotto\/casque-antibruit-advance-procom-de-stihl\/"},"modified":"2025-06-01T02:40:24","modified_gmt":"2025-06-01T00:40:24","slug":"casque-antibruit-advance-procom-de-stihl","status":"publish","type":"product","link":"https:\/\/lucacastelli.com\/fr\/produit\/casque-antibruit-advance-procom-de-stihl\/","title":{"rendered":"Casque antibruit ADVANCE ProCOM de STIHL"},"content":{"rendered":"<p>pAvec le syst\u00e8me de communication STIHL ADVANCE ProCOM, vous pouvez toujours \u00eatre en contact de mani\u00e8re claire et efficace pendant votre travail, m\u00eame dans des environnements bruyants. La protection auditive permet de connecter directement jusqu&#8217;\u00e0 15 casques suppl\u00e9mentaires, avec une port\u00e9e allant jusqu&#8217;\u00e0 600 m. L&#8217;isolation phonique est extr\u00eamement \u00e9lev\u00e9e, car le bruit de l&#8217;\u00e9quipement est activement \u00e9touff\u00e9 par un filtrage suffisant. Il est \u00e9galement possible d&#8217;utiliser diverses fonctions du smartphone via la connexion Bluetooth\u00ae, sans avoir \u00e0 sortir l&#8217;appareil de la poche. L&#8217;ADVANCE ProCOM associe une technologie innovante \u00e0 une logique d&#8217;utilisation particuli\u00e8rement simple. Essayez-le pour le croire!\/p<br \/>\n886661574490<\/p>\n<p>Poids de l&#8217;appareil 0,4<br \/>\nValeur d&#8217;isolation Valeur d&#8217;isolation<\/p>\n<p>Valeur H<br \/>\nValeur M 29<br \/>\nValeur L 23<\/p>\n","protected":false},"excerpt":{"rendered":"<p>Casque antibruit ADVANCE ProCOM<\/p>\n","protected":false},"featured_media":425369,"template":"","meta":{"_seopress_robots_primary_cat":"","_seopress_titles_title":"","_seopress_titles_desc":"","_seopress_robots_index":""},"product_brand":[3366],"product_cat":[33,537,815],"product_tag":[3265],"class_list":{"0":"post-596768","1":"product","2":"type-product","3":"status-publish","4":"has-post-thumbnail","6":"product_brand-stihl","7":"product_cat-attrezzature","8":"product_cat-attrezzatura-da-lavoro","9":"product_cat-caschi","10":"product_tag-import-stihl","11":"sws-gruppo-abb-libero-fr","12":"sws-conto-ricavi-merci-rivendita-abbigliamento-fr","13":"sws-gruppo-iva-iva81-fr","15":"first","16":"onbackorder","17":"purchasable","18":"product-type-simple"},"_links":{"self":[{"href":"https:\/\/lucacastelli.com\/fr\/wp-json\/wp\/v2\/product\/596768","targetHints":{"allow":["GET"]}}],"collection":[{"href":"https:\/\/lucacastelli.com\/fr\/wp-json\/wp\/v2\/product"}],"about":[{"href":"https:\/\/lucacastelli.com\/fr\/wp-json\/wp\/v2\/types\/product"}],"wp:featuredmedia":[{"embeddable":true,"href":"https:\/\/lucacastelli.com\/fr\/wp-json\/wp\/v2\/media\/425369"}],"wp:attachment":[{"href":"https:\/\/lucacastelli.com\/fr\/wp-json\/wp\/v2\/media?parent=596768"}],"wp:term":[{"taxonomy":"product_brand","embeddable":true,"href":"https:\/\/lucacastelli.com\/fr\/wp-json\/wp\/v2\/product_brand?post=596768"},{"taxonomy":"product_cat","embeddable":true,"href":"https:\/\/lucacastelli.com\/fr\/wp-json\/wp\/v2\/product_cat?post=596768"},{"taxonomy":"product_tag","embeddable":true,"href":"https:\/\/lucacastelli.com\/fr\/wp-json\/wp\/v2\/product_tag?post=596768"}],"curies":[{"name":"wp","href":"https:\/\/api.w.org\/{rel}","templated":true}]}}