{"id":596767,"date":"2025-06-01T02:40:24","date_gmt":"2025-06-01T00:40:24","guid":{"rendered":"https:\/\/lucacastelli.com\/prodotto\/bretelles-stihl-orange-110cm-clips-metalliques\/"},"modified":"2025-06-01T02:40:24","modified_gmt":"2025-06-01T00:40:24","slug":"bretelles-stihl-orange-110cm-clips-metalliques","status":"publish","type":"product","link":"https:\/\/lucacastelli.com\/fr\/produit\/bretelles-stihl-orange-110cm-clips-metalliques\/","title":{"rendered":"Bretelles STIHL, orange, 110cm, clips m\u00e9talliques"},"content":{"rendered":"<p>Couleur orange, 70 % polyamide, 30 % caoutchouc. Pour pantalons de taille, avec clips m\u00e9talliques, avec insert en mati\u00e8re synth\u00e9tique contrast\u00e9e.<br \/>\n795711008949 <\/p>\n","protected":false},"excerpt":{"rendered":"<p>Bretelles, orange, 110cm, clips m\u00e9talliques<\/p>\n","protected":false},"featured_media":425382,"template":"","meta":{"_seopress_robots_primary_cat":"","_seopress_titles_title":"","_seopress_titles_desc":"","_seopress_robots_index":""},"product_brand":[3366],"product_cat":[21,284,186],"product_tag":[3265],"class_list":{"0":"post-596767","1":"product","2":"type-product","3":"status-publish","4":"has-post-thumbnail","6":"product_brand-stihl","7":"product_cat-abbigliamento","8":"product_cat-abbigliamento-da-lavoro","9":"product_cat-accessori-per-labbigliamento","10":"product_tag-import-stihl","11":"sws-gruppo-abb-libero-fr","12":"sws-conto-ricavi-merci-rivendita-abbigliamento-fr","13":"sws-gruppo-iva-iva81-fr","15":"first","16":"onbackorder","17":"purchasable","18":"product-type-simple"},"_links":{"self":[{"href":"https:\/\/lucacastelli.com\/fr\/wp-json\/wp\/v2\/product\/596767","targetHints":{"allow":["GET"]}}],"collection":[{"href":"https:\/\/lucacastelli.com\/fr\/wp-json\/wp\/v2\/product"}],"about":[{"href":"https:\/\/lucacastelli.com\/fr\/wp-json\/wp\/v2\/types\/product"}],"wp:featuredmedia":[{"embeddable":true,"href":"https:\/\/lucacastelli.com\/fr\/wp-json\/wp\/v2\/media\/425382"}],"wp:attachment":[{"href":"https:\/\/lucacastelli.com\/fr\/wp-json\/wp\/v2\/media?parent=596767"}],"wp:term":[{"taxonomy":"product_brand","embeddable":true,"href":"https:\/\/lucacastelli.com\/fr\/wp-json\/wp\/v2\/product_brand?post=596767"},{"taxonomy":"product_cat","embeddable":true,"href":"https:\/\/lucacastelli.com\/fr\/wp-json\/wp\/v2\/product_cat?post=596767"},{"taxonomy":"product_tag","embeddable":true,"href":"https:\/\/lucacastelli.com\/fr\/wp-json\/wp\/v2\/product_tag?post=596767"}],"curies":[{"name":"wp","href":"https:\/\/api.w.org\/{rel}","templated":true}]}}