{"id":596765,"date":"2025-06-01T02:40:22","date_gmt":"2025-06-01T00:40:22","guid":{"rendered":"https:\/\/lucacastelli.com\/prodotto\/casque-de-protection-auditive-stihl-concept-28\/"},"modified":"2025-06-01T02:40:22","modified_gmt":"2025-06-01T00:40:22","slug":"casque-de-protection-auditive-stihl-concept-28","status":"publish","type":"product","link":"https:\/\/lucacastelli.com\/fr\/produit\/casque-de-protection-auditive-stihl-concept-28\/","title":{"rendered":"Casque de protection auditive STIHL Concept 28"},"content":{"rendered":"<p>Coquilles m\u00e9talliques stables et respirantes avec arceau \u00e9lastique, coussinets souples et SNR 28. Conformes \u00e0 la norme EN 352. Poids 241,1 g.<br \/>\n886661928125  <\/p>\n<p>Valeur d&#8217;isolation 28<br \/>\nValeur H<\/p>\n<p>Valeur M Valeur M<br \/>\nValeur L 18<br \/>\nTaille SML<\/p>\n","protected":false},"excerpt":{"rendered":"<p>Casque de protection auditive Concept 28<\/p>\n","protected":false},"featured_media":425364,"template":"","meta":{"_seopress_robots_primary_cat":"","_seopress_titles_title":"","_seopress_titles_desc":"","_seopress_robots_index":""},"product_brand":[3555],"product_cat":[1405,1397],"product_tag":[3267],"class_list":{"0":"post-596765","1":"product","2":"type-product","3":"status-publish","4":"has-post-thumbnail","6":"product_brand-stihl-fr","7":"product_cat-casques","8":"product_cat-equipement-de-travail","9":"product_tag-import-stihl-fr","10":"sws-gruppo-abb-libero-fr","11":"sws-conto-ricavi-merci-rivendita-abbigliamento-fr","12":"sws-gruppo-iva-iva81-fr","14":"first","15":"onbackorder","16":"purchasable","17":"product-type-simple"},"_links":{"self":[{"href":"https:\/\/lucacastelli.com\/fr\/wp-json\/wp\/v2\/product\/596765","targetHints":{"allow":["GET"]}}],"collection":[{"href":"https:\/\/lucacastelli.com\/fr\/wp-json\/wp\/v2\/product"}],"about":[{"href":"https:\/\/lucacastelli.com\/fr\/wp-json\/wp\/v2\/types\/product"}],"wp:featuredmedia":[{"embeddable":true,"href":"https:\/\/lucacastelli.com\/fr\/wp-json\/wp\/v2\/media\/425364"}],"wp:attachment":[{"href":"https:\/\/lucacastelli.com\/fr\/wp-json\/wp\/v2\/media?parent=596765"}],"wp:term":[{"taxonomy":"product_brand","embeddable":true,"href":"https:\/\/lucacastelli.com\/fr\/wp-json\/wp\/v2\/product_brand?post=596765"},{"taxonomy":"product_cat","embeddable":true,"href":"https:\/\/lucacastelli.com\/fr\/wp-json\/wp\/v2\/product_cat?post=596765"},{"taxonomy":"product_tag","embeddable":true,"href":"https:\/\/lucacastelli.com\/fr\/wp-json\/wp\/v2\/product_tag?post=596765"}],"curies":[{"name":"wp","href":"https:\/\/api.w.org\/{rel}","templated":true}]}}