{"id":596701,"date":"2025-05-31T22:55:28","date_gmt":"2025-05-31T20:55:28","guid":{"rendered":"https:\/\/lucacastelli.com\/prodotto\/kit-dentretien-stihl-36\/"},"modified":"2025-08-12T13:56:56","modified_gmt":"2025-08-12T11:56:56","slug":"kit-dentretien-stihl-36","status":"publish","type":"product","link":"https:\/\/lucacastelli.com\/fr\/produit\/kit-dentretien-stihl-36\/","title":{"rendered":"Kit d&#8217;entretien STIHL 36"},"content":{"rendered":"<p>Les kits d&#8217;entretien pour souffleurs et pulv\u00e9risateurs \u00e0 essence STIHL vous permettent d&#8217;effectuer vous-m\u00eame des travaux d&#8217;entretien simples. Chaque kit contient une bougie d&#8217;allumage, un filtre \u00e0 carburant et un filtre \u00e0 air. Gr\u00e2ce \u00e0 un entretien standard proactif et r\u00e9gulier, vous pouvez non seulement prot\u00e9ger les composants et les pi\u00e8ces de l&#8217;outil de la salet\u00e9 ou des dommages, mais aussi augmenter la dur\u00e9e de vie de votre tron\u00e7onneuse. A part la cl\u00e9 Kombi que vous avez d\u00e9j\u00e0 re\u00e7ue avec votre Tron\u00e7onneuses STIHL, vous n&#8217;avez pas besoin d&#8217;autres outils pour l&#8217;entretien.   <\/p>\n<p>A utiliser pour BG 56, BG 66 (num\u00e9ro d&#8217;outil &lt; 290821925), SH 86 (num\u00e9ro d&#8217;outil &lt; 290657469)<\/p>\n","protected":false},"excerpt":{"rendered":"<p>Kit d&#8217;entretien 36<\/p>\n","protected":false},"featured_media":423557,"template":"","meta":{"_seopress_robots_primary_cat":"none","_seopress_titles_title":"","_seopress_titles_desc":"","_seopress_robots_index":""},"product_brand":[3366],"product_cat":[29,490],"product_tag":[3265],"class_list":{"0":"post-596701","1":"product","2":"type-product","3":"status-publish","4":"has-post-thumbnail","6":"product_brand-stihl","7":"product_cat-macchinari","8":"product_cat-accessori-e-materiale-di-consumo-soffiatori-e-aspiratori","9":"product_tag-import-stihl","10":"sws-gruppo-macchinari","11":"sws-conto-ricavi-merci-rivendita-macchinari","12":"sws-gruppo-iva-iva81","14":"first","15":"onbackorder","16":"purchasable","17":"product-type-simple"},"_links":{"self":[{"href":"https:\/\/lucacastelli.com\/fr\/wp-json\/wp\/v2\/product\/596701","targetHints":{"allow":["GET"]}}],"collection":[{"href":"https:\/\/lucacastelli.com\/fr\/wp-json\/wp\/v2\/product"}],"about":[{"href":"https:\/\/lucacastelli.com\/fr\/wp-json\/wp\/v2\/types\/product"}],"wp:featuredmedia":[{"embeddable":true,"href":"https:\/\/lucacastelli.com\/fr\/wp-json\/wp\/v2\/media\/423557"}],"wp:attachment":[{"href":"https:\/\/lucacastelli.com\/fr\/wp-json\/wp\/v2\/media?parent=596701"}],"wp:term":[{"taxonomy":"product_brand","embeddable":true,"href":"https:\/\/lucacastelli.com\/fr\/wp-json\/wp\/v2\/product_brand?post=596701"},{"taxonomy":"product_cat","embeddable":true,"href":"https:\/\/lucacastelli.com\/fr\/wp-json\/wp\/v2\/product_cat?post=596701"},{"taxonomy":"product_tag","embeddable":true,"href":"https:\/\/lucacastelli.com\/fr\/wp-json\/wp\/v2\/product_tag?post=596701"}],"curies":[{"name":"wp","href":"https:\/\/api.w.org\/{rel}","templated":true}]}}