{"id":596694,"date":"2025-05-31T22:51:05","date_gmt":"2025-05-31T20:51:05","guid":{"rendered":"https:\/\/lucacastelli.com\/prodotto\/meule-diamantee-pour-laffutage-des-chaines-rapid-duro\/"},"modified":"2025-05-31T22:51:05","modified_gmt":"2025-05-31T20:51:05","slug":"meule-diamantee-pour-laffutage-des-chaines-rapid-duro","status":"publish","type":"product","link":"https:\/\/lucacastelli.com\/fr\/produit\/meule-diamantee-pour-laffutage-des-chaines-rapid-duro\/","title":{"rendered":"Meule diamant\u00e9e pour l&#8217;aff\u00fbtage des cha\u00eenes Rapid Duro"},"content":{"rendered":"<p>Accessoires pour STIHL (USG) et STIHL (HOS).<br \/>\n795711115203<\/p>\n","protected":false},"excerpt":{"rendered":"<p>Meule diamant\u00e9e pour l&#8217;aff\u00fbtage des cha\u00eenes Rapid Duro<\/p>\n","protected":false},"featured_media":469109,"template":"","meta":{"_seopress_robots_primary_cat":"","_seopress_titles_title":"","_seopress_titles_desc":"","_seopress_robots_index":""},"product_brand":[3555],"product_cat":[1605,167,1604],"product_tag":[3267],"class_list":{"0":"post-596694","1":"product","2":"type-product","3":"status-publish","4":"has-post-thumbnail","6":"product_brand-stihl-fr","7":"product_cat-accessoires-et-consommables-fr-4","8":"product_cat-machines","9":"product_cat-tronconneuses","10":"product_tag-import-stihl-fr","11":"sws-gruppo-macchinari-fr","12":"sws-conto-ricavi-merci-rivendita-macchinari-fr","13":"sws-gruppo-iva-iva81-fr","15":"first","16":"onbackorder","17":"purchasable","18":"product-type-simple"},"_links":{"self":[{"href":"https:\/\/lucacastelli.com\/fr\/wp-json\/wp\/v2\/product\/596694","targetHints":{"allow":["GET"]}}],"collection":[{"href":"https:\/\/lucacastelli.com\/fr\/wp-json\/wp\/v2\/product"}],"about":[{"href":"https:\/\/lucacastelli.com\/fr\/wp-json\/wp\/v2\/types\/product"}],"wp:featuredmedia":[{"embeddable":true,"href":"https:\/\/lucacastelli.com\/fr\/wp-json\/wp\/v2\/media\/469109"}],"wp:attachment":[{"href":"https:\/\/lucacastelli.com\/fr\/wp-json\/wp\/v2\/media?parent=596694"}],"wp:term":[{"taxonomy":"product_brand","embeddable":true,"href":"https:\/\/lucacastelli.com\/fr\/wp-json\/wp\/v2\/product_brand?post=596694"},{"taxonomy":"product_cat","embeddable":true,"href":"https:\/\/lucacastelli.com\/fr\/wp-json\/wp\/v2\/product_cat?post=596694"},{"taxonomy":"product_tag","embeddable":true,"href":"https:\/\/lucacastelli.com\/fr\/wp-json\/wp\/v2\/product_tag?post=596694"}],"curies":[{"name":"wp","href":"https:\/\/api.w.org\/{rel}","templated":true}]}}