{"id":596671,"date":"2025-05-31T22:48:06","date_gmt":"2025-05-31T20:48:06","guid":{"rendered":"https:\/\/lucacastelli.com\/prodotto\/stihl-grande-brosse-avec-levre-en-caoutchouc\/"},"modified":"2025-05-31T22:48:06","modified_gmt":"2025-05-31T20:48:06","slug":"stihl-grande-brosse-avec-levre-en-caoutchouc","status":"publish","type":"product","link":"https:\/\/lucacastelli.com\/fr\/produit\/stihl-grande-brosse-avec-levre-en-caoutchouc\/","title":{"rendered":"STIHL Grande brosse avec l\u00e8vre en caoutchouc"},"content":{"rendered":"<p>Aluminium, pour les grandes surfaces, r\u00e9glable en hauteur, avec insert rempla\u00e7able, largeur 450 mm, fixation 36 mm.<br \/>\n795711059149<\/p>\n","protected":false},"excerpt":{"rendered":"<p>Grande brosse avec l\u00e8vre en caoutchouc<\/p>\n","protected":false},"featured_media":423129,"template":"","meta":{"_seopress_robots_primary_cat":"","_seopress_titles_title":"","_seopress_titles_desc":"","_seopress_robots_index":""},"product_brand":[3366],"product_cat":[29,514,517],"product_tag":[3265],"class_list":{"0":"post-596671","1":"product","2":"type-product","3":"status-publish","4":"has-post-thumbnail","6":"product_brand-stihl","7":"product_cat-macchinari","8":"product_cat-altri-dispositivi","9":"product_cat-aspiratori-per-la-pulizia","10":"product_tag-import-stihl","11":"sws-gruppo-macchinari-fr","12":"sws-conto-ricavi-merci-rivendita-macchinari-fr","13":"sws-gruppo-iva-iva81-fr","15":"first","16":"onbackorder","17":"purchasable","18":"product-type-simple"},"_links":{"self":[{"href":"https:\/\/lucacastelli.com\/fr\/wp-json\/wp\/v2\/product\/596671","targetHints":{"allow":["GET"]}}],"collection":[{"href":"https:\/\/lucacastelli.com\/fr\/wp-json\/wp\/v2\/product"}],"about":[{"href":"https:\/\/lucacastelli.com\/fr\/wp-json\/wp\/v2\/types\/product"}],"wp:featuredmedia":[{"embeddable":true,"href":"https:\/\/lucacastelli.com\/fr\/wp-json\/wp\/v2\/media\/423129"}],"wp:attachment":[{"href":"https:\/\/lucacastelli.com\/fr\/wp-json\/wp\/v2\/media?parent=596671"}],"wp:term":[{"taxonomy":"product_brand","embeddable":true,"href":"https:\/\/lucacastelli.com\/fr\/wp-json\/wp\/v2\/product_brand?post=596671"},{"taxonomy":"product_cat","embeddable":true,"href":"https:\/\/lucacastelli.com\/fr\/wp-json\/wp\/v2\/product_cat?post=596671"},{"taxonomy":"product_tag","embeddable":true,"href":"https:\/\/lucacastelli.com\/fr\/wp-json\/wp\/v2\/product_tag?post=596671"}],"curies":[{"name":"wp","href":"https:\/\/api.w.org\/{rel}","templated":true}]}}