{"id":596667,"date":"2025-05-31T22:48:50","date_gmt":"2025-05-31T20:48:50","guid":{"rendered":"https:\/\/lucacastelli.com\/prodotto\/element-filtrant-en-acier-inoxydable\/"},"modified":"2025-05-31T22:48:50","modified_gmt":"2025-05-31T20:48:50","slug":"element-filtrant-en-acier-inoxydable","status":"publish","type":"product","link":"https:\/\/lucacastelli.com\/fr\/produit\/element-filtrant-en-acier-inoxydable\/","title":{"rendered":"\u00c9l\u00e9ment filtrant en acier inoxydable"},"content":{"rendered":"<p>Pour un fonctionnement prolong\u00e9 en milieu humide, acier inoxydable. Pour SE 62 &#8211; SE 122 E.<br \/>\n795711072421 <\/p>\n","protected":false},"excerpt":{"rendered":"<p>\u00c9l\u00e9ment filtrant en acier inoxydable<\/p>\n","protected":false},"featured_media":469129,"template":"","meta":{"_seopress_robots_primary_cat":"","_seopress_titles_title":"","_seopress_titles_desc":"","_seopress_robots_index":""},"product_brand":[3554],"product_cat":[169,1454,1475],"product_tag":[3266],"class_list":{"0":"post-596667","1":"product","2":"type-product","3":"status-publish","4":"has-post-thumbnail","6":"product_brand-stihl-de","7":"product_cat-maschinen","8":"product_cat-andere-gerate","9":"product_cat-staubsauger","10":"product_tag-import-stihl-de","11":"sws-gruppo-macchinari-fr","12":"sws-conto-ricavi-merci-rivendita-macchinari-fr","13":"sws-gruppo-iva-iva81-fr","15":"first","16":"onbackorder","17":"purchasable","18":"product-type-simple"},"_links":{"self":[{"href":"https:\/\/lucacastelli.com\/fr\/wp-json\/wp\/v2\/product\/596667","targetHints":{"allow":["GET"]}}],"collection":[{"href":"https:\/\/lucacastelli.com\/fr\/wp-json\/wp\/v2\/product"}],"about":[{"href":"https:\/\/lucacastelli.com\/fr\/wp-json\/wp\/v2\/types\/product"}],"wp:featuredmedia":[{"embeddable":true,"href":"https:\/\/lucacastelli.com\/fr\/wp-json\/wp\/v2\/media\/469129"}],"wp:attachment":[{"href":"https:\/\/lucacastelli.com\/fr\/wp-json\/wp\/v2\/media?parent=596667"}],"wp:term":[{"taxonomy":"product_brand","embeddable":true,"href":"https:\/\/lucacastelli.com\/fr\/wp-json\/wp\/v2\/product_brand?post=596667"},{"taxonomy":"product_cat","embeddable":true,"href":"https:\/\/lucacastelli.com\/fr\/wp-json\/wp\/v2\/product_cat?post=596667"},{"taxonomy":"product_tag","embeddable":true,"href":"https:\/\/lucacastelli.com\/fr\/wp-json\/wp\/v2\/product_tag?post=596667"}],"curies":[{"name":"wp","href":"https:\/\/api.w.org\/{rel}","templated":true}]}}