{"id":596659,"date":"2025-05-31T22:47:44","date_gmt":"2025-05-31T20:47:44","guid":{"rendered":"https:\/\/lucacastelli.com\/prodotto\/brosse-a-plancher-universelle-stihl\/"},"modified":"2025-05-31T22:47:44","modified_gmt":"2025-05-31T20:47:44","slug":"brosse-a-plancher-universelle-stihl","status":"publish","type":"product","link":"https:\/\/lucacastelli.com\/fr\/produit\/brosse-a-plancher-universelle-stihl\/","title":{"rendered":"Brosse \u00e0 plancher universelle STIHL"},"content":{"rendered":"<p>Largeur 400 mm. Pour l&#8217;aspiration humide et s\u00e8che. Hauteur r\u00e9glable, pour SE 33 &#8211; SE 133 ME.<br \/>\n795711059125 <\/p>\n","protected":false},"excerpt":{"rendered":"<p>Brosse \u00e0 sol universelle<\/p>\n","protected":false},"featured_media":423124,"template":"","meta":{"_seopress_robots_primary_cat":"","_seopress_titles_title":"","_seopress_titles_desc":"","_seopress_robots_index":""},"product_brand":[3555],"product_cat":[1474,1453,167],"product_tag":[3267],"class_list":{"0":"post-596659","1":"product","2":"type-product","3":"status-publish","4":"has-post-thumbnail","6":"product_brand-stihl-fr","7":"product_cat-aspirateurs-de-nettoyage","8":"product_cat-autres-appareils","9":"product_cat-machines","10":"product_tag-import-stihl-fr","11":"sws-gruppo-macchinari-fr","12":"sws-conto-ricavi-merci-rivendita-macchinari-fr","13":"sws-gruppo-iva-iva81-fr","15":"first","16":"onbackorder","17":"purchasable","18":"product-type-simple"},"_links":{"self":[{"href":"https:\/\/lucacastelli.com\/fr\/wp-json\/wp\/v2\/product\/596659","targetHints":{"allow":["GET"]}}],"collection":[{"href":"https:\/\/lucacastelli.com\/fr\/wp-json\/wp\/v2\/product"}],"about":[{"href":"https:\/\/lucacastelli.com\/fr\/wp-json\/wp\/v2\/types\/product"}],"wp:featuredmedia":[{"embeddable":true,"href":"https:\/\/lucacastelli.com\/fr\/wp-json\/wp\/v2\/media\/423124"}],"wp:attachment":[{"href":"https:\/\/lucacastelli.com\/fr\/wp-json\/wp\/v2\/media?parent=596659"}],"wp:term":[{"taxonomy":"product_brand","embeddable":true,"href":"https:\/\/lucacastelli.com\/fr\/wp-json\/wp\/v2\/product_brand?post=596659"},{"taxonomy":"product_cat","embeddable":true,"href":"https:\/\/lucacastelli.com\/fr\/wp-json\/wp\/v2\/product_cat?post=596659"},{"taxonomy":"product_tag","embeddable":true,"href":"https:\/\/lucacastelli.com\/fr\/wp-json\/wp\/v2\/product_tag?post=596659"}],"curies":[{"name":"wp","href":"https:\/\/api.w.org\/{rel}","templated":true}]}}