{"id":596656,"date":"2025-05-31T22:46:27","date_gmt":"2025-05-31T20:46:27","guid":{"rendered":"https:\/\/lucacastelli.com\/prodotto\/stihl-buse-plate-incurvee\/"},"modified":"2025-05-31T22:46:27","modified_gmt":"2025-05-31T20:46:27","slug":"stihl-buse-plate-incurvee","status":"publish","type":"product","link":"https:\/\/lucacastelli.com\/fr\/produit\/stihl-buse-plate-incurvee\/","title":{"rendered":"STIHL Buse plate incurv\u00e9e"},"content":{"rendered":"<p>Elles permettent de travailler sur de grandes surfaces gr\u00e2ce au jet d&#8217;air \u00e9largi parall\u00e8le au sol. Pour STIHL BG 56, BG 86, BGE 71, BGE 81, SH 55, SH 56, SH 85, SH 86, SHE 71, SHE 81.<br \/>\n795711384807 <\/p>\n","protected":false},"excerpt":{"rendered":"<p>Buse plate incurv\u00e9e<\/p>\n","protected":false},"featured_media":423106,"template":"","meta":{"_seopress_robots_primary_cat":"","_seopress_titles_title":"","_seopress_titles_desc":"","_seopress_robots_index":""},"product_brand":[3555],"product_cat":[1642,167,1643,1638],"product_tag":[3267],"class_list":{"0":"post-596656","1":"product","2":"type-product","3":"status-publish","4":"has-post-thumbnail","6":"product_brand-stihl-fr","7":"product_cat-accessoires-et-consommables-fr-5","8":"product_cat-machines","9":"product_cat-souffleurs-et-aspirateurs","10":"product_cat-systemes-kombi-et-multi","11":"product_tag-import-stihl-fr","12":"sws-gruppo-macchinari-fr","13":"sws-conto-ricavi-merci-rivendita-macchinari-fr","14":"sws-gruppo-iva-iva81-fr","16":"first","17":"onbackorder","18":"purchasable","19":"product-type-simple"},"_links":{"self":[{"href":"https:\/\/lucacastelli.com\/fr\/wp-json\/wp\/v2\/product\/596656","targetHints":{"allow":["GET"]}}],"collection":[{"href":"https:\/\/lucacastelli.com\/fr\/wp-json\/wp\/v2\/product"}],"about":[{"href":"https:\/\/lucacastelli.com\/fr\/wp-json\/wp\/v2\/types\/product"}],"wp:featuredmedia":[{"embeddable":true,"href":"https:\/\/lucacastelli.com\/fr\/wp-json\/wp\/v2\/media\/423106"}],"wp:attachment":[{"href":"https:\/\/lucacastelli.com\/fr\/wp-json\/wp\/v2\/media?parent=596656"}],"wp:term":[{"taxonomy":"product_brand","embeddable":true,"href":"https:\/\/lucacastelli.com\/fr\/wp-json\/wp\/v2\/product_brand?post=596656"},{"taxonomy":"product_cat","embeddable":true,"href":"https:\/\/lucacastelli.com\/fr\/wp-json\/wp\/v2\/product_cat?post=596656"},{"taxonomy":"product_tag","embeddable":true,"href":"https:\/\/lucacastelli.com\/fr\/wp-json\/wp\/v2\/product_tag?post=596656"}],"curies":[{"name":"wp","href":"https:\/\/api.w.org\/{rel}","templated":true}]}}