{"id":596640,"date":"2025-05-31T22:34:19","date_gmt":"2025-05-31T20:34:19","guid":{"rendered":"https:\/\/lucacastelli.com\/prodotto\/kit-dentretien-de-lequipement-de-coupe\/"},"modified":"2025-05-31T22:34:19","modified_gmt":"2025-05-31T20:34:19","slug":"kit-dentretien-de-lequipement-de-coupe","status":"publish","type":"product","link":"https:\/\/lucacastelli.com\/fr\/produit\/kit-dentretien-de-lequipement-de-coupe\/","title":{"rendered":"Kit d&#8217;entretien de l&#8217;\u00e9quipement de coupe"},"content":{"rendered":"<p>Ensemble compos\u00e9 d&#8217;un gabarit d&#8217;aff\u00fbtage et d&#8217;un gabarit de contr\u00f4le. Pour contr\u00f4ler l&#8217;angle du tranchant de la cha\u00eene, la hauteur de la jauge de profondeur et le trou de passage de l&#8217;huile.<br \/>\n795711072018 <\/p>\n","protected":false},"excerpt":{"rendered":"<p>Kit d&#8217;entretien de l&#8217;\u00e9quipement de coupe<\/p>\n","protected":false},"featured_media":482211,"template":"","meta":{"_seopress_robots_primary_cat":"","_seopress_titles_title":"","_seopress_titles_desc":"","_seopress_robots_index":""},"product_brand":[3366],"product_cat":[29,484],"product_tag":[3265],"class_list":{"0":"post-596640","1":"product","2":"type-product","3":"status-publish","4":"has-post-thumbnail","6":"product_brand-stihl","7":"product_cat-macchinari","8":"product_cat-utensili-e-accessori-forestali","9":"product_tag-import-stihl","10":"sws-gruppo-macchinari-fr","11":"sws-conto-ricavi-merci-rivendita-macchinari-fr","12":"sws-gruppo-iva-iva81-fr","14":"first","15":"onbackorder","16":"purchasable","17":"product-type-simple"},"_links":{"self":[{"href":"https:\/\/lucacastelli.com\/fr\/wp-json\/wp\/v2\/product\/596640","targetHints":{"allow":["GET"]}}],"collection":[{"href":"https:\/\/lucacastelli.com\/fr\/wp-json\/wp\/v2\/product"}],"about":[{"href":"https:\/\/lucacastelli.com\/fr\/wp-json\/wp\/v2\/types\/product"}],"wp:featuredmedia":[{"embeddable":true,"href":"https:\/\/lucacastelli.com\/fr\/wp-json\/wp\/v2\/media\/482211"}],"wp:attachment":[{"href":"https:\/\/lucacastelli.com\/fr\/wp-json\/wp\/v2\/media?parent=596640"}],"wp:term":[{"taxonomy":"product_brand","embeddable":true,"href":"https:\/\/lucacastelli.com\/fr\/wp-json\/wp\/v2\/product_brand?post=596640"},{"taxonomy":"product_cat","embeddable":true,"href":"https:\/\/lucacastelli.com\/fr\/wp-json\/wp\/v2\/product_cat?post=596640"},{"taxonomy":"product_tag","embeddable":true,"href":"https:\/\/lucacastelli.com\/fr\/wp-json\/wp\/v2\/product_tag?post=596640"}],"curies":[{"name":"wp","href":"https:\/\/api.w.org\/{rel}","templated":true}]}}