{"id":596635,"date":"2025-05-31T22:32:45","date_gmt":"2025-05-31T20:32:45","guid":{"rendered":"https:\/\/lucacastelli.com\/prodotto\/systeme-de-support-stihl\/"},"modified":"2025-05-31T22:32:45","modified_gmt":"2025-05-31T20:32:45","slug":"systeme-de-support-stihl","status":"publish","type":"product","link":"https:\/\/lucacastelli.com\/fr\/produit\/systeme-de-support-stihl\/","title":{"rendered":"Syst\u00e8me de support STIHL"},"content":{"rendered":"<p>Le BGA 200 peut \u00eatre utilis\u00e9 de diff\u00e9rentes mani\u00e8res gr\u00e2ce au syst\u00e8me de support \u00e0 main ou \u00e0 c\u00f4t\u00e9 du corps. Le changement se fait simplement et en un clin d&#8217;\u0153il et la charge de travail est consid\u00e9rablement r\u00e9duite, en particulier lors de missions plus longues. Le syst\u00e8me de soutien est fix\u00e9 \u00e0 la ceinture des batteries d&#8217;\u00e9paule AR.<br \/>\n886661753055  <\/p>\n","protected":false},"excerpt":{"rendered":"<p>Syst\u00e8me de soutien<\/p>\n","protected":false},"featured_media":422693,"template":"","meta":{"_seopress_robots_primary_cat":"","_seopress_titles_title":"","_seopress_titles_desc":"","_seopress_robots_index":""},"product_brand":[3366],"product_cat":[29,485,490],"product_tag":[3265],"class_list":{"0":"post-596635","1":"product","2":"type-product","3":"status-publish","4":"has-post-thumbnail","6":"product_brand-stihl","7":"product_cat-macchinari","8":"product_cat-soffiatori-e-aspiratori","9":"product_cat-accessori-e-materiale-di-consumo-soffiatori-e-aspiratori","10":"product_tag-import-stihl","11":"sws-gruppo-macchinari-fr","12":"sws-conto-ricavi-merci-rivendita-macchinari-fr","13":"sws-gruppo-iva-iva81-fr","15":"first","16":"onbackorder","17":"purchasable","18":"product-type-simple"},"_links":{"self":[{"href":"https:\/\/lucacastelli.com\/fr\/wp-json\/wp\/v2\/product\/596635","targetHints":{"allow":["GET"]}}],"collection":[{"href":"https:\/\/lucacastelli.com\/fr\/wp-json\/wp\/v2\/product"}],"about":[{"href":"https:\/\/lucacastelli.com\/fr\/wp-json\/wp\/v2\/types\/product"}],"wp:featuredmedia":[{"embeddable":true,"href":"https:\/\/lucacastelli.com\/fr\/wp-json\/wp\/v2\/media\/422693"}],"wp:attachment":[{"href":"https:\/\/lucacastelli.com\/fr\/wp-json\/wp\/v2\/media?parent=596635"}],"wp:term":[{"taxonomy":"product_brand","embeddable":true,"href":"https:\/\/lucacastelli.com\/fr\/wp-json\/wp\/v2\/product_brand?post=596635"},{"taxonomy":"product_cat","embeddable":true,"href":"https:\/\/lucacastelli.com\/fr\/wp-json\/wp\/v2\/product_cat?post=596635"},{"taxonomy":"product_tag","embeddable":true,"href":"https:\/\/lucacastelli.com\/fr\/wp-json\/wp\/v2\/product_tag?post=596635"}],"curies":[{"name":"wp","href":"https:\/\/api.w.org\/{rel}","templated":true}]}}