{"id":596633,"date":"2025-05-31T22:32:57","date_gmt":"2025-05-31T20:32:57","guid":{"rendered":"https:\/\/lucacastelli.com\/prodotto\/stihl-bga-50-sans-accu-ni-chargeur\/"},"modified":"2026-03-30T12:55:06","modified_gmt":"2026-03-30T10:55:06","slug":"stihl-bga-50-sans-accu-ni-chargeur","status":"publish","type":"product","link":"https:\/\/lucacastelli.com\/fr\/produit\/stihl-bga-50-sans-accu-ni-chargeur\/","title":{"rendered":"STIHL BGA 50, sans accu ni chargeur"},"content":{"rendered":"<p>Souffleur sans fil BGA 50 : une aide pr\u00e9cieuse pour le nettoyage des surfaces et des all\u00e9es<br \/>\nQu&#8217;il s&#8217;agisse de feuilles, de petites brindilles ou d&#8217;herbe coup\u00e9e, avec le nouveau souffleur sans fil STIHL BGA 50, le nettoyage des surfaces et des all\u00e9es autour de la maison et du jardin devient un jeu d&#8217;enfant. De plus, cet outil silencieux \u00e0 vitesse variable offre une grande flexibilit\u00e9 pour nettoyer les endroits \u00e9troits ou sinueux, par exemple dans les garages ou sous les si\u00e8ges de meubles de jardin ; la puissance de soufflage maximale de 11 Newtons vous permet \u00e9galement d&#8217;enlever rapidement le feuillage et la salet\u00e9 sur de plus grandes surfaces. La puissance de soufflage pouvant \u00eatre adapt\u00e9e de mani\u00e8re flexible aux diff\u00e9rentes conditions, sur les chemins de terre, il ne sera possible de souffler que le feuillage sans d\u00e9placer les pierres.  <\/p>\n<p>L&#8217;\u00e9nergie n\u00e9cessaire au fonctionnement de l&#8217;outil est fournie par une batterie lithium-ion de 36 V du syst\u00e8me AK de STIHL. Ce syst\u00e8me de batterie modulaire couvre une large gamme d&#8217;outils con\u00e7us pour diff\u00e9rentes applications, mais aussi des chargeurs et des batteries avec diff\u00e9rents contenus \u00e9nerg\u00e9tiques. C&#8217;est une solution pratique si vous avez plusieurs outils avec lesquels vous souhaitez utiliser la m\u00eame batterie et le m\u00eame chargeur. Pour le BGA 50, nous recommandons l&#8217;AK 20, qui doit \u00eatre ins\u00e9r\u00e9 dans le compartiment \u00e0 piles int\u00e9gr\u00e9 au corps et contribue ainsi \u00e0 l&#8217;excellent \u00e9quilibre de l&#8217;outil.   <\/p>\n<p>Combin\u00e9 au faible poids de seulement 3,4 kg, batterie incluse, il assure une prise en main confortable du souffleur et permet de man\u0153uvrer l&#8217;outil confortablement, m\u00eame pendant de longues p\u00e9riodes sans se fatiguer. Le tuyau de soufflage peut \u00eatre retir\u00e9 rapidement et facilement sans outil pour un rangement peu encombrant. <\/p>\n<table data-test-id=\"pdp-spec-tech-table\">\n<tbody>\n<tr>\n<td>Tension nominale<\/td>\n<td>36 V <\/td>\n<\/tr>\n<tr>\n<td>Poids<\/td>\n<td>2,2 kg <\/td>\n<\/tr>\n<tr>\n<td>Syst\u00e8me de batterie<\/td>\n<td>AK <\/td>\n<\/tr>\n<tr>\n<td>Vitesse maximale de l&#8217;air avec une buse ronde<\/td>\n<td>55 m\/s <\/td>\n<\/tr>\n<tr>\n<td>Vitesse d&#8217;air maximale avec une buse ronde<\/td>\n<td>123 mph <\/td>\n<\/tr>\n<tr>\n<td>D\u00e9bit d&#8217;air avec buse ronde<\/td>\n<td>770 m\u00b3\/h <sup>1)<\/sup><\/td>\n<\/tr>\n<tr>\n<td>Niveau de pression acoustique<\/td>\n<td>78 dB(A) <sup>2)<\/sup><\/td>\n<\/tr>\n<tr>\n<td>Niveau de pression sonore \u00e0 15 m de distance<\/td>\n<td>55 dB(A) <sup>3)<\/sup><\/td>\n<\/tr>\n<tr>\n<td>Valeur de vibration \u00e0 droite<\/td>\n<td>0,6 m\/s\u00b2 <sup>4)<\/sup><\/td>\n<\/tr>\n<tr>\n<td>Niveau de puissance sonore<\/td>\n<td>88 dB(A) <sup>2)<\/sup><\/td>\n<\/tr>\n<tr>\n<td>Batterie recommand\u00e9e<\/td>\n<td>AK 20 <\/td>\n<\/tr>\n<tr>\n<td>IP Degr\u00e9 de protection<\/td>\n<td>N\/A <\/td>\n<\/tr>\n<\/tbody>\n<\/table>\n","protected":false},"excerpt":{"rendered":"<p>BGA 50, sans accu ni chargeur<\/p>\n","protected":false},"featured_media":422709,"template":"","meta":{"_seopress_robots_primary_cat":"none","_seopress_titles_title":"","_seopress_titles_desc":"","_seopress_robots_index":""},"product_brand":[3366],"product_cat":[29,485,489],"product_tag":[3265],"class_list":{"0":"post-596633","1":"product","2":"type-product","3":"status-publish","4":"has-post-thumbnail","6":"product_brand-stihl","7":"product_cat-macchinari","8":"product_cat-soffiatori-e-aspiratori","9":"product_cat-soffiatori-a-batteria","10":"product_tag-import-stihl","11":"sws-gruppo-macchinari-fr","12":"sws-conto-ricavi-merci-rivendita-macchinari-fr","13":"sws-gruppo-iva-iva81-fr","15":"first","16":"onbackorder","17":"purchasable","18":"product-type-simple"},"_links":{"self":[{"href":"https:\/\/lucacastelli.com\/fr\/wp-json\/wp\/v2\/product\/596633","targetHints":{"allow":["GET"]}}],"collection":[{"href":"https:\/\/lucacastelli.com\/fr\/wp-json\/wp\/v2\/product"}],"about":[{"href":"https:\/\/lucacastelli.com\/fr\/wp-json\/wp\/v2\/types\/product"}],"wp:featuredmedia":[{"embeddable":true,"href":"https:\/\/lucacastelli.com\/fr\/wp-json\/wp\/v2\/media\/422709"}],"wp:attachment":[{"href":"https:\/\/lucacastelli.com\/fr\/wp-json\/wp\/v2\/media?parent=596633"}],"wp:term":[{"taxonomy":"product_brand","embeddable":true,"href":"https:\/\/lucacastelli.com\/fr\/wp-json\/wp\/v2\/product_brand?post=596633"},{"taxonomy":"product_cat","embeddable":true,"href":"https:\/\/lucacastelli.com\/fr\/wp-json\/wp\/v2\/product_cat?post=596633"},{"taxonomy":"product_tag","embeddable":true,"href":"https:\/\/lucacastelli.com\/fr\/wp-json\/wp\/v2\/product_tag?post=596633"}],"curies":[{"name":"wp","href":"https:\/\/api.w.org\/{rel}","templated":true}]}}