{"id":596630,"date":"2025-05-31T22:02:36","date_gmt":"2025-05-31T20:02:36","guid":{"rendered":"https:\/\/lucacastelli.com\/prodotto\/clip-de-fixation-stihl\/"},"modified":"2025-05-31T22:02:36","modified_gmt":"2025-05-31T20:02:36","slug":"clip-de-fixation-stihl","status":"publish","type":"product","link":"https:\/\/lucacastelli.com\/fr\/produit\/clip-de-fixation-stihl\/","title":{"rendered":"Clip de fixation STIHL"},"content":{"rendered":"<p>pSyst\u00e8me innovant de clips en acier \u00e0 ressort STIHL. Pour le syst\u00e8me de ceinture modulaire STIHL.\/p<br \/>\n886661113330<\/p>\n","protected":false},"excerpt":{"rendered":"<p>pSyst\u00e8me innovant de clips en acier \u00e0 ressort STIHL. Pour le syst\u00e8me de ceinture modulaire STIHL.\/p 886661113330<\/p>\n","protected":false},"featured_media":436167,"template":"","meta":{"_seopress_robots_primary_cat":"","_seopress_titles_title":"","_seopress_titles_desc":"","_seopress_robots_index":""},"product_brand":[3555],"product_cat":[81,1381],"product_tag":[3267],"class_list":{"0":"post-596630","1":"product","2":"type-product","3":"status-publish","4":"has-post-thumbnail","6":"product_brand-stihl-fr","7":"product_cat-vetements","8":"product_cat-vetements-de-travail","9":"product_tag-import-stihl-fr","10":"sws-gruppo-macchinari","11":"sws-conto-ricavi-merci-rivendita-macchinari","12":"sws-gruppo-iva-iva81","14":"first","15":"onbackorder","16":"purchasable","17":"product-type-simple"},"_links":{"self":[{"href":"https:\/\/lucacastelli.com\/fr\/wp-json\/wp\/v2\/product\/596630","targetHints":{"allow":["GET"]}}],"collection":[{"href":"https:\/\/lucacastelli.com\/fr\/wp-json\/wp\/v2\/product"}],"about":[{"href":"https:\/\/lucacastelli.com\/fr\/wp-json\/wp\/v2\/types\/product"}],"wp:featuredmedia":[{"embeddable":true,"href":"https:\/\/lucacastelli.com\/fr\/wp-json\/wp\/v2\/media\/436167"}],"wp:attachment":[{"href":"https:\/\/lucacastelli.com\/fr\/wp-json\/wp\/v2\/media?parent=596630"}],"wp:term":[{"taxonomy":"product_brand","embeddable":true,"href":"https:\/\/lucacastelli.com\/fr\/wp-json\/wp\/v2\/product_brand?post=596630"},{"taxonomy":"product_cat","embeddable":true,"href":"https:\/\/lucacastelli.com\/fr\/wp-json\/wp\/v2\/product_cat?post=596630"},{"taxonomy":"product_tag","embeddable":true,"href":"https:\/\/lucacastelli.com\/fr\/wp-json\/wp\/v2\/product_tag?post=596630"}],"curies":[{"name":"wp","href":"https:\/\/api.w.org\/{rel}","templated":true}]}}