{"id":596624,"date":"2025-05-31T22:01:27","date_gmt":"2025-05-31T20:01:27","guid":{"rendered":"https:\/\/lucacastelli.com\/prodotto\/sangle-depaule-advance-x-flex-de-stihl\/"},"modified":"2025-05-31T22:01:27","modified_gmt":"2025-05-31T20:01:27","slug":"sangle-depaule-advance-x-flex-de-stihl","status":"publish","type":"product","link":"https:\/\/lucacastelli.com\/fr\/produit\/sangle-depaule-advance-x-flex-de-stihl\/","title":{"rendered":"Sangle d&#8217;\u00e9paule ADVANCE X-Flex de STIHL"},"content":{"rendered":"<p>Int\u00e9gration de la ceinture et de la bandouli\u00e8re pour les charges plus lourdes. Ajustement optimal gr\u00e2ce au rembourrage et \u00e0 la longueur r\u00e9glable de la bandouli\u00e8re. Fixation simple des sacs et des porte-bagages gr\u00e2ce au syst\u00e8me de clips. Bonne visibilit\u00e9 gr\u00e2ce \u00e0 un pourcentage \u00e9lev\u00e9 d&#8217;orange de signalisation.\/p<br \/>\n886661971701<\/p>\n","protected":false},"excerpt":{"rendered":"<p>Int\u00e9gration de la ceinture et de la bandouli\u00e8re pour les charges plus lourdes. Ajustement optimal gr\u00e2ce au rembourrage et \u00e0<\/p>\n","protected":false},"featured_media":436356,"template":"","meta":{"_seopress_robots_primary_cat":"","_seopress_titles_title":"","_seopress_titles_desc":"","_seopress_robots_index":""},"product_brand":[3366],"product_cat":[21,284],"product_tag":[3265],"class_list":{"0":"post-596624","1":"product","2":"type-product","3":"status-publish","4":"has-post-thumbnail","6":"product_brand-stihl","7":"product_cat-abbigliamento","8":"product_cat-abbigliamento-da-lavoro","9":"product_tag-import-stihl","10":"sws-gruppo-macchinari","11":"sws-conto-ricavi-merci-rivendita-macchinari","12":"sws-gruppo-iva-iva81","14":"first","15":"onbackorder","16":"purchasable","17":"product-type-simple"},"_links":{"self":[{"href":"https:\/\/lucacastelli.com\/fr\/wp-json\/wp\/v2\/product\/596624","targetHints":{"allow":["GET"]}}],"collection":[{"href":"https:\/\/lucacastelli.com\/fr\/wp-json\/wp\/v2\/product"}],"about":[{"href":"https:\/\/lucacastelli.com\/fr\/wp-json\/wp\/v2\/types\/product"}],"wp:featuredmedia":[{"embeddable":true,"href":"https:\/\/lucacastelli.com\/fr\/wp-json\/wp\/v2\/media\/436356"}],"wp:attachment":[{"href":"https:\/\/lucacastelli.com\/fr\/wp-json\/wp\/v2\/media?parent=596624"}],"wp:term":[{"taxonomy":"product_brand","embeddable":true,"href":"https:\/\/lucacastelli.com\/fr\/wp-json\/wp\/v2\/product_brand?post=596624"},{"taxonomy":"product_cat","embeddable":true,"href":"https:\/\/lucacastelli.com\/fr\/wp-json\/wp\/v2\/product_cat?post=596624"},{"taxonomy":"product_tag","embeddable":true,"href":"https:\/\/lucacastelli.com\/fr\/wp-json\/wp\/v2\/product_tag?post=596624"}],"curies":[{"name":"wp","href":"https:\/\/api.w.org\/{rel}","templated":true}]}}